{"id":4826,"date":"2024-04-11T08:36:52","date_gmt":"2024-04-11T06:36:52","guid":{"rendered":"https:\/\/bnd.ngo\/trasparence\/"},"modified":"2024-07-14T12:35:52","modified_gmt":"2024-07-14T10:35:52","slug":"trasparence","status":"publish","type":"page","link":"https:\/\/bnd.ngo\/fr\/trasparence\/","title":{"rendered":"Trasparence"},"content":{"rendered":"\n<p>Depuis notre cr\u00e9ation en 2000, nous nous engageons \u00e0 respecter et \u00e0 d\u00e9passer des normes rigoureuses de transparence financi\u00e8re et de responsabilit\u00e9 organisationnelle ; notre objectif a toujours \u00e9t\u00e9 d&rsquo;allouer au moins 75 % des d\u00e9penses \u00e0 la r\u00e9alisation des projets, le reste \u00e9tant consacr\u00e9 aux frais administratifs.<br\/>Avec fiert\u00e9, nous d\u00e9passons r\u00e9guli\u00e8rement cet objectif en affectant jusqu&rsquo;\u00e0 82 % des d\u00e9penses aux projets et en limitant les d\u00e9penses administratives \u00e0 18 % ; cette r\u00e9alisation nous distingue parmi les organisations humanitaires, faisant de nous l&rsquo;une des rares entit\u00e9s \u00e0 revendiquer un tel niveau d&rsquo;excellence financi\u00e8re.<\/p>\r\n\r\n<figure class=\"wp-block-image aligncenter size-large my-4\"><img loading=\"lazy\" decoding=\"async\" width=\"1024\" height=\"199\" src=\"https:\/\/bnd.ngo\/wp-content\/uploads\/2024\/05\/82_18-1-1024x199.png\" alt=\"\" class=\"wp-image-1389\" srcset=\"https:\/\/bnd.ngo\/wp-content\/uploads\/2024\/05\/82_18-1-1024x199.png 1024w, https:\/\/bnd.ngo\/wp-content\/uploads\/2024\/05\/82_18-1-300x58.png 300w, https:\/\/bnd.ngo\/wp-content\/uploads\/2024\/05\/82_18-1-768x149.png 768w, https:\/\/bnd.ngo\/wp-content\/uploads\/2024\/05\/82_18-1.png 1281w\" sizes=\"auto, (max-width: 1024px) 100vw, 1024px\" \/><\/figure>\r\n\r\n<div class=\"row my-5\">\r\n<div class=\"col-md-6\">\r\n<h2 class=\"wp-block-heading\">Certification et accessibilit\u00e9 de notre budget<\/h2>\r\n\r\n<p>Notre engagement envers la transparence d\u00e9passe largement la simple gestion interne des ressources ; le budget annuel de Bambini nel Deserto est certifi\u00e9 par un auditeur externe ind\u00e9pendant de l&rsquo;organisation, garantissant que chaque chiffre refl\u00e8te notre honn\u00eatet\u00e9 et notre int\u00e9grit\u00e9 op\u00e9rationnelle.<\/p>\r\n\r\n<p>En outre, notre budget est public, accessible et <a href=\"\/documents\">t\u00e9l\u00e9chargeable<\/a> car nous croyons fermement que la transparence est l&rsquo;un des actifs les plus pr\u00e9cieux pour maintenir la confiance de nos supporters au fil du temps.<\/p>\r\n\r\n<h2 class=\"wp-block-heading\">Les piliers de notre succ\u00e8s<\/h2>\r\n<p>Ces r\u00e9sultats sont rendus possibles gr\u00e2ce \u00e0 plusieurs facteurs cl\u00e9s :<\/p>\r\n\r\n<ol>\r\n<li><strong>Gestion efficace<\/strong> : Nous visons constamment l&rsquo;efficacit\u00e9 op\u00e9rationnelle, en veillant \u00e0 ce que les ressources soient utilis\u00e9es de mani\u00e8re optimale ;<\/li>\r\n\r\n<li><strong>Soutien b\u00e9n\u00e9vole<\/strong> : Le soutien inestimable de nos Membres et Volontaires r\u00e9duit les co\u00fbts op\u00e9rationnels et administratifs, nous permettant de concentrer davantage de ressources sur les projets sur le terrain ;<\/li>\r\n\r\n<li><strong>Partenariats strat\u00e9giques<\/strong> : Nous collaborons \u00e9troitement avec des partenaires locaux et internationaux partageant notre vision, optimisant ainsi les comp\u00e9tences et amplifiant l&rsquo;impact de nos interventions ;<\/li>\r\n\r\n<li><strong>Technologie avanc\u00e9e<\/strong> : Nous utilisons \u00ab\u00a0The Tree\u00a0\u00bb<sup data-fn=\"47a0e178-c719-4f62-a197-a68dbf61e844\" class=\"fn\"><a href=\"#47a0e178-c719-4f62-a197-a68dbf61e844-link\">1<\/a><\/sup>, une application de gestion et de reporting con\u00e7ue sur mesure pour nos besoins par BnD Suisse. Cet outil unique dans le paysage du Tiers Secteur r\u00e9duit consid\u00e9rablement les co\u00fbts de gestion, lib\u00e9rant des ressources \u00e0 affecter aux projets de coop\u00e9ration internationale et aux urgences humanitaires.<\/li>\r\n\r\n<li><strong>Innovation dans la collecte de fonds<\/strong> : Nous concevons nos initiatives de collecte de fonds avec une expertise minutieuse pour maximiser les rendements tout en minimisant les co\u00fbts, en exploitant des technologies innovantes et en lan\u00e7ant des campagnes cr\u00e9atives.<\/li>\r\n<\/ol>\r\n<\/div>\r\n<div class=\"col-md-6 px-md-4\">\r\n<h2>Avantages fiscaux pour les entreprises et les particuliers<\/h2>\r\n<p>Les entreprises peuvent d\u00e9duire les dons sans limite absolue, mais jusqu&rsquo;\u00e0 10 % de leur revenu total d\u00e9clar\u00e9.<br\/>\r\nSi la d\u00e9duction d\u00e9passe ce 10 % du revenu total, l&rsquo;exc\u00e9dent peut \u00eatre report\u00e9 dans les d\u00e9clarations suivantes, jusqu&rsquo;\u00e0 quatre ans. Par exemple, un don fait en 2024 peut \u00eatre d\u00e9duit jusqu&rsquo;en 2028.<br\/>\r\nLes dons volontaires suivent le principe de caisse pour l&rsquo;entreprise donatrice.<\/p>\r\n<p class=\"mt-3\">Les particuliers ont deux options pour les avantages fiscaux :<\/p>\r\n<ol><li>Une d\u00e9duction de 30 % du montant donn\u00e9, jusqu&rsquo;\u00e0 un maximum de 30 000 euros.<\/li>\r\n<li>D\u00e9duction du montant donn\u00e9 sans limite absolue, mais dans la limite de 10 % du revenu total d\u00e9clar\u00e9.<\/li>\r\n<\/ol>\r\n<p>Entre d\u00e9duction et d\u00e9duction, ceux ayant un revenu sup\u00e9rieur \u00e0 30 000 euros trouvent plus avantageux de d\u00e9duire.<br\/> Le choix entre d\u00e9duction ou d\u00e9duction est fait au moment de la d\u00e9claration de revenus.<br\/> Comme pour les entreprises, la partie de la d\u00e9duction inutilis\u00e9e peut \u00eatre report\u00e9e aux d\u00e9clarations futures.<\/p>\r\n<\/div>\r\n<\/div>\r\n<p class=\"bg-dark bg-gradient text-white p-4 my-4\">Bambini nel Deserto est bien plus qu&rsquo;une simple organisation humanitaire : c&rsquo;est un exemple de la mani\u00e8re dont la passion et le d\u00e9vouement peuvent se traduire par des actions concr\u00e8tes qui am\u00e9liorent la vie de milliers de personnes chaque ann\u00e9e.<br\/>Nous continuerons \u00e0 travailler avec transparence et int\u00e9grit\u00e9, veillant \u00e0 ce que chaque don contribue r\u00e9ellement \u00e0 construire un monde meilleur.<\/p>\r\n","protected":false},"excerpt":{"rendered":"<p>Depuis notre cr\u00e9ation en 2000, nous nous engageons \u00e0 respecter et \u00e0 d\u00e9passer des normes rigoureuses de transparence financi\u00e8re et de responsabilit\u00e9 organisationnelle ; notre objectif a toujours \u00e9t\u00e9 d&rsquo;allouer au moins 75 % des d\u00e9penses \u00e0 la r\u00e9alisation des projets, le reste \u00e9tant consacr\u00e9 aux frais administratifs.Avec fiert\u00e9, nous d\u00e9passons r\u00e9guli\u00e8rement cet objectif en [&hellip;]<\/p>\n","protected":false},"author":1,"featured_media":2443,"parent":0,"menu_order":0,"comment_status":"closed","ping_status":"closed","template":"","meta":{"footnotes":"[{\"content\":\"Plus d'informations sur le site officiel <a href=\\\"https:\\\/\\\/thetree.site\\\/\\\">TheTree<\\\/a>\",\"id\":\"47a0e178-c719-4f62-a197-a68dbf61e844\"}]"},"class_list":["post-4826","page","type-page","status-publish","has-post-thumbnail","hentry"],"_links":{"self":[{"href":"https:\/\/bnd.ngo\/fr\/wp-json\/wp\/v2\/pages\/4826","targetHints":{"allow":["GET"]}}],"collection":[{"href":"https:\/\/bnd.ngo\/fr\/wp-json\/wp\/v2\/pages"}],"about":[{"href":"https:\/\/bnd.ngo\/fr\/wp-json\/wp\/v2\/types\/page"}],"author":[{"embeddable":true,"href":"https:\/\/bnd.ngo\/fr\/wp-json\/wp\/v2\/users\/1"}],"replies":[{"embeddable":true,"href":"https:\/\/bnd.ngo\/fr\/wp-json\/wp\/v2\/comments?post=4826"}],"version-history":[{"count":0,"href":"https:\/\/bnd.ngo\/fr\/wp-json\/wp\/v2\/pages\/4826\/revisions"}],"wp:featuredmedia":[{"embeddable":true,"href":"https:\/\/bnd.ngo\/fr\/wp-json\/wp\/v2\/media\/2443"}],"wp:attachment":[{"href":"https:\/\/bnd.ngo\/fr\/wp-json\/wp\/v2\/media?parent=4826"}],"curies":[{"name":"wp","href":"https:\/\/api.w.org\/{rel}","templated":true}]}}