{"id":4806,"date":"2024-06-06T14:58:22","date_gmt":"2024-06-06T12:58:22","guid":{"rendered":"https:\/\/bnd.ngo\/expeditions\/"},"modified":"2024-06-24T01:29:18","modified_gmt":"2024-06-23T23:29:18","slug":"expeditions","status":"publish","type":"page","link":"https:\/\/bnd.ngo\/fr\/expeditions\/","title":{"rendered":"Exp\u00e9ditions"},"content":{"rendered":"\n<p>Nos exp\u00e9ditions atteignent des communaut\u00e9s d\u00e9favoris\u00e9es \u00e0 travers le monde, fournissant un soutien m\u00e9dical, une \u00e9ducation, de la nourriture et des ressources essentielles pour am\u00e9liorer la vie de milliers de personnes.<\/p>\n","protected":false},"excerpt":{"rendered":"<p>Nos exp\u00e9ditions atteignent des communaut\u00e9s d\u00e9favoris\u00e9es \u00e0 travers le monde, fournissant un soutien m\u00e9dical, une \u00e9ducation, de la nourriture et des ressources essentielles pour am\u00e9liorer la vie de milliers de personnes.<\/p>\n","protected":false},"author":1,"featured_media":2896,"parent":0,"menu_order":0,"comment_status":"closed","ping_status":"closed","template":"page_spedizioni.php","meta":{"footnotes":""},"class_list":["post-4806","page","type-page","status-publish","has-post-thumbnail","hentry"],"_links":{"self":[{"href":"https:\/\/bnd.ngo\/fr\/wp-json\/wp\/v2\/pages\/4806","targetHints":{"allow":["GET"]}}],"collection":[{"href":"https:\/\/bnd.ngo\/fr\/wp-json\/wp\/v2\/pages"}],"about":[{"href":"https:\/\/bnd.ngo\/fr\/wp-json\/wp\/v2\/types\/page"}],"author":[{"embeddable":true,"href":"https:\/\/bnd.ngo\/fr\/wp-json\/wp\/v2\/users\/1"}],"replies":[{"embeddable":true,"href":"https:\/\/bnd.ngo\/fr\/wp-json\/wp\/v2\/comments?post=4806"}],"version-history":[{"count":0,"href":"https:\/\/bnd.ngo\/fr\/wp-json\/wp\/v2\/pages\/4806\/revisions"}],"wp:featuredmedia":[{"embeddable":true,"href":"https:\/\/bnd.ngo\/fr\/wp-json\/wp\/v2\/media\/2896"}],"wp:attachment":[{"href":"https:\/\/bnd.ngo\/fr\/wp-json\/wp\/v2\/media?parent=4806"}],"curies":[{"name":"wp","href":"https:\/\/api.w.org\/{rel}","templated":true}]}}