{"id":4796,"date":"2024-04-07T20:00:35","date_gmt":"2024-04-07T18:00:35","guid":{"rendered":"https:\/\/bnd.ngo\/privacy-policy\/"},"modified":"2024-06-24T01:03:48","modified_gmt":"2024-06-23T23:03:48","slug":"privacy-policy","status":"publish","type":"page","link":"https:\/\/bnd.ngo\/fr\/privacy-policy\/","title":{"rendered":"Privacy Policy"},"content":{"rendered":"\n<div class=\"py-vh-5 w-100 overflow-hidden\" id=\"privacy-policy\">\r\n<div class=\"container my-5\">\r\n<div class=\"row d-flex justify-content-center\">\r\n<div class=\"col-12 col-lg-10 col-xl-8\">\r\n<span class=\"h6 badge text-bg-light\" data-aos=\"fade-down\">Version 1.0.3, Juin 2024<\/span>\r\n<p class=\"lead py-vh-2\">Conform\u00e9ment \u00e0 l&rsquo;article 13 du r\u00e8glement (UE) N\u00b0 679\/2016 (\u00ab\u00a0RGPD\u00a0\u00bb), Bambini nel Deserto ETS (\u00ab\u00a0BnD\u00a0\u00bb, l'\u00a0\u00bbOrganisation\u00a0\u00bb ou le \u00ab\u00a0Responsable du traitement\u00a0\u00bb), informe que les Donn\u00e9es personnelles fournies (\u00ab\u00a0Donn\u00e9es\u00a0\u00bb) seront trait\u00e9es dans le respect des dispositions pr\u00e9vues par la loi et conform\u00e9ment \u00e0 l&rsquo;information qui suit. La pr\u00e9sente information est sp\u00e9cifiquement fournie concernant le traitement des Donn\u00e9es personnelles collect\u00e9es via le site de Bambini nel Deserto (\u00e0 travers ses domaines bnd.ngo et www.bambinineldeserto.org) suite \u00e0 la manifestation d&rsquo;int\u00e9r\u00eat pour un ou plusieurs produits ou services offerts par l&rsquo;Organisation.<\/p>\r\n<div class=\"mt-4 d-flex justify-content-center\" data-aos=\"fade-down\" data-aos-delay=\"300\">\r\n<svg viewbox=\"0 0 29 107\" xmlns=\"http:\/\/www.w3.org\/2000\/svg\" style=\"width:30px;\" data-aos=\"fade-down\">\r\n<path d=\"M15.425 106.639l13.116-12.42c.55-.446.615-1.23.144-1.751a1.363 1.363 0 0 0-1.993 0l-10.887 10.296V1.242C15.805.556 15.218 0 14.493 0c-.724 0-1.311.556-1.311 1.242v101.522L2.308 92.468a1.363 1.363 0 0 0-1.85-.136 1.197 1.197 0 0 0 0 1.887l13.117 12.42a1.364 1.364 0 0 0 1.85 0z\" fill=\"#000\" fill-rule=\"evenodd\"><\/path>\r\n<\/svg>\r\n<\/div>\r\n<\/div>  \r\n<\/div>\r\n<div class=\"row mx-5 d-flex align-items-start mt-5 border-top pt-5\" data-aos=\"fade-up\">\r\n<div class=\"col-12 col-lg-10\">\r\n<span class=\"text-secondary\">01<\/span>\r\n<h2 class=\"mb-2\">Finalit\u00e9 et base juridique du traitement<\/h2>\r\n<p>Les Donn\u00e9es seront trait\u00e9es pour l&rsquo;envoi &#8211; y compris par e-mail via des syst\u00e8mes automatis\u00e9s &#8211; de communications contenant des informations relatives au Responsable du traitement et aux activit\u00e9s organis\u00e9es par le Responsable du traitement (comme, par exemple, les invitations \u00e0 des conf\u00e9rences et en g\u00e9n\u00e9ral \u00e0 des \u00e9v\u00e9nements), ainsi que des mises \u00e0 jour et\/ou du mat\u00e9riel d&rsquo;information de nature professionnelle ou promotionnelle, tels que des sessions de formation, des newsletters d&rsquo;information, des initiatives, des pr\u00e9sentations, des approfondissements et des mises \u00e0 jour sur des sujets li\u00e9s aux activit\u00e9s men\u00e9es par le Responsable du traitement, y compris les activit\u00e9s de profilage \u00e0 ces fins, dans le but de personnaliser les initiatives de BnD, en tenant compte des domaines d&rsquo;int\u00e9r\u00eat sp\u00e9cifiques signal\u00e9s par l&rsquo;utilisateur.<\/p>\r\n<p>Le traitement des Donn\u00e9es \u00e0 cette fin n\u00e9cessite le consentement de l&rsquo;utilisateur conform\u00e9ment \u00e0 l&rsquo;art. 6, par. 1, point a) du RGPD.<\/p>\r\n<\/div>\r\n<\/div>\r\n<div class=\"row mx-5 d-flex align-items-start mt-5 border-top pt-5\" data-aos=\"fade-left\">\r\n<div class=\"col-12 col-lg-10\">\r\n<span class=\"text-secondary\">02<\/span>\r\n<h2 class=\"mb-2\">Cat\u00e9gories de Donn\u00e9es trait\u00e9es<\/h2>\r\n<p>BnD traitera les Donn\u00e9es d&rsquo;identification et de contact, telles que le nom, le pr\u00e9nom, l&rsquo;adresse e-mail, ainsi que les domaines d&rsquo;int\u00e9r\u00eat signal\u00e9s par l&rsquo;utilisateur (tels que : <em>\u00ab\u00a0newsletter\u00a0\u00bb<\/em>), \u00e0 travers les formulaires appropri\u00e9s pr\u00e9sents dans les sections <em>\u00ab\u00a0Demandez votre TheTree\u00a0\u00bb<\/em> et <em>\u00ab\u00a0Newsletter\u00a0\u00bb<\/em> du site TheTree.<\/p>\r\n<\/div>\r\n<\/div>\r\n<div class=\"row mx-5 d-flex align-items-start mt-5 border-top pt-5\" data-aos=\"fade-right\">\r\n<div class=\"col-12 col-lg-10\">\r\n<span class=\"text-secondary\">03<\/span>\r\n<h2 class=\"mb-2\">S\u00e9curit\u00e9 des Donn\u00e9es<\/h2>\r\n<p>Pour prot\u00e9ger les Donn\u00e9es, BnD adopte les mesures pr\u00e9vues par les r\u00e9glementations sur la protection des Donn\u00e9es, visant \u00e0 pr\u00e9venir les abus par des entit\u00e9s tierces non autoris\u00e9es.<\/p>\r\n<p>Elle fait \u00e9galement appel \u00e0 des fournisseurs capables de garantir des normes de protection \u00e9lev\u00e9es :<\/p>\r\n<ul>\r\n<li><a target=\"_blank\" class=\"link-fancy\" href=\"https:\/\/storage.googleapis.com\/gfw-touched-accounts-pdfs\/google-cloud-security-and-compliance-whitepaper.pdf\" rel=\"noopener\">Google<\/a><\/li>\r\n<li><a target=\"_blank\" class=\"link-fancy\" href=\"https:\/\/www.mailerlite.com\/legal\/privacy-policy\" rel=\"noopener\">MailerLite<\/a><\/li>\r\n<li><a target=\"_blank\" class=\"link-fancy\" href=\"https:\/\/stripe.com\/it\/privacy\" rel=\"noopener\">Stripe<\/a><\/li>\r\n<\/ul>\r\n<\/div>\r\n<\/div>\r\n<div class=\"row mx-5 d-flex align-items-start mt-5 border-top pt-5\" data-aos=\"fade-left\">\r\n<div class=\"col-12 col-lg-10\">\r\n<span class=\"text-secondary\">04<\/span>\r\n<h2 class=\"mb-2\">Fourniture des Donn\u00e9es et cons\u00e9quences en cas de non-fourniture<\/h2>\r\n<p>La fourniture des Donn\u00e9es est facultative et leur non-fourniture entra\u00eenera l&rsquo;impossibilit\u00e9 pour BnD de mener les activit\u00e9s fonctionnelles pour atteindre les finalit\u00e9s en question.<\/p>\r\n<\/div>\r\n<\/div>\r\n<div class=\"row mx-5 d-flex align-items-start mt-5 border-top pt-5\" data-aos=\"fade-right\">\r\n<div class=\"col-12 col-lg-10\">\r\n<span class=\"text-secondary\">05<\/span>\r\n<h2 class=\"mb-2\">Responsable du traitement et Sous-traitants<\/h2>\r\n<p>Le responsable du traitement des Donn\u00e9es personnelles est Bambini nel Deserto ETS, dont le si\u00e8ge social est situ\u00e9 Via Casoli 45 41123 Modena (MO) Italie, e-mail <a class=\"link-fancy\" href=\"mailto:privacy@bambinineldeserto.org\">privacy@bambinineldeserto.org<\/a>.<\/p>\r\n<p>La liste mise \u00e0 jour des \u00e9ventuels sous-traitants est disponible au si\u00e8ge du Responsable du traitement.<\/p>\r\n<\/div>\r\n<\/div>\r\n<div class=\"row mx-5 d-flex align-items-start mt-5 border-top pt-5\" data-aos=\"fade-left\">\r\n<div class=\"col-12 col-lg-10\">\r\n<span class=\"text-secondary\">06<\/span>\r\n<h2 class=\"mb-2\">Destinataires ou cat\u00e9gories de destinataires<\/h2>\r\n<p>Les Donn\u00e9es pourront \u00eatre rendues accessibles, port\u00e9es \u00e0 la connaissance de ou communiqu\u00e9es aux sujets suivants, qui seront nomm\u00e9s par le Responsable du traitement, selon les cas, en tant que sous-traitants ou personnes autoris\u00e9es au traitement, ou agiront en tant que responsables autonomes :<\/p>\r\n<ul><li>associations dont fait partie BnD (soci\u00e9t\u00e9s m\u00e8res, filiales, associ\u00e9es), employ\u00e9s et\/ou collaborateurs \u00e0 quelque titre que ce soit de BnD et\/ou d&rsquo;associations du groupe dont fait partie BnD ;<\/li><li>sujets priv\u00e9s, personnes physiques ou morales, dont BnD se sert pour l&rsquo;ex\u00e9cution des activit\u00e9s instrumentales \u00e0 la r\u00e9alisation de la finalit\u00e9 susmentionn\u00e9e ou auxquels BnD est tenue de communiquer les Donn\u00e9es, en vertu d&rsquo;obligations l\u00e9gales ou contractuelles.<\/li><\/ul>\r\n<p>Dans tous les cas, les Donn\u00e9es ne seront pas diffus\u00e9es.<\/p>\r\n<\/div>\r\n<\/div>\r\n<div class=\"row mx-5 d-flex align-items-start mt-5 border-top pt-5\" data-aos=\"fade-right\">\r\n<div class=\"col-12 col-lg-10\">\r\n<span class=\"text-secondary\">07<\/span>\r\n<h2 class=\"mb-2\">P\u00e9riode de conservation<\/h2>\r\n<p>Les Donn\u00e9es seront conserv\u00e9es pour une p\u00e9riode maximale de 24 mois.<\/p>\r\n<\/div>\r\n<\/div>\r\n<div class=\"row mx-5 d-flex align-items-start mt-5 border-top pt-5\" data-aos=\"fade-left\">\r\n<div class=\"col-12 col-lg-10\">\r\n<span class=\"text-secondary\">08<\/span>\r\n<h2 class=\"mb-2\">Transfert des Donn\u00e9es vers des pays tiers<\/h2>\r\n<p>Les Donn\u00e9es circuleront dans le cadre des pays appartenant \u00e0 l&rsquo;UE. De plus, BnD pourra transf\u00e9rer les Donn\u00e9es vers d&rsquo;\u00e9ventuelles organisations contr\u00f4l\u00e9es, conform\u00e9ment \u00e0 l&rsquo;art. 45 du RGPD (d\u00e9cision d&rsquo;ad\u00e9quation). Si cette situation devait se produire, cet article sera mis \u00e0 jour avec les adresses des si\u00e8ges sociaux des organisations contr\u00f4l\u00e9es.<\/p>\r\n<\/div>\r\n<\/div>\r\n<div class=\"row mx-5 d-flex align-items-start mt-5 border-top pt-5\" data-aos=\"fade-right\">\r\n<div class=\"col-12 col-lg-10\">\r\n<span class=\"text-secondary\">09<\/span>\r\n<h2 class=\"mb-2\">Droits de la personne concern\u00e9e. Droits d&rsquo;acc\u00e8s, d&rsquo;effacement, de limitation et de portabilit\u00e9<\/h2>\r\n<p>Les personnes concern\u00e9es se voient reconna\u00eetre les droits vis\u00e9s aux articles 15 \u00e0 20 du RGPD. \u00c0 titre d&rsquo;exemple, chaque personne concern\u00e9e pourra :<\/p>\r\n<ul><li>obtenir la confirmation qu&rsquo;un traitement de Donn\u00e9es personnelles la concernant est ou non en cours ;<\/li><li>si un traitement est en cours, obtenir l&rsquo;acc\u00e8s aux Donn\u00e9es personnelles et aux informations relatives au traitement ainsi que demander une copie des Donn\u00e9es personnelles ;<\/li><li>obtenir la rectification des Donn\u00e9es personnelles inexactes et l&rsquo;ajout des Donn\u00e9es personnelles incompl\u00e8tes ;<\/li><li>obtenir, lorsque l&rsquo;une des conditions pr\u00e9vues par l&rsquo;art. 17 du RGPD est remplie, l&rsquo;effacement des Donn\u00e9es personnelles la concernant ;<\/li><li>obtenir, dans les cas pr\u00e9vus par l&rsquo;art. 18 du RGPD, la limitation du traitement ;<\/li><li>si les conditions pr\u00e9vues par l&rsquo;art. 20 du RGPD sont remplies, recevoir les Donn\u00e9es personnelles la concernant dans un format structur\u00e9, couramment utilis\u00e9 et lisible par machine et demander leur transmission \u00e0 un autre responsable du traitement, si cela est techniquement possible.<\/li><\/ul>\r\n<\/div>\r\n<\/div>\r\n<div class=\"row mx-5 d-flex align-items-start mt-5 border-top pt-5\" data-aos=\"fade-left\">\r\n<div class=\"col-12 col-lg-10\">\r\n<span class=\"text-secondary\">10<\/span>\r\n<h2 class=\"mb-2\">Droit d&rsquo;opposition au traitement effectu\u00e9 pour int\u00e9r\u00eat l\u00e9gitime<\/h2>\r\n\t\t             <p>Chaque personne concern\u00e9e a le droit de s&rsquo;opposer \u00e0 tout moment au traitement de ses Donn\u00e9es personnelles effectu\u00e9 pour la poursuite d&rsquo;un int\u00e9r\u00eat l\u00e9gitime de l&rsquo;Organisation. En cas d&rsquo;opposition, ses Donn\u00e9es personnelles ne feront plus l&rsquo;objet d&rsquo;un traitement, \u00e0 moins qu&rsquo;il n&rsquo;existe des motifs l\u00e9gitimes pour proc\u00e9der au traitement qui pr\u00e9valent sur les int\u00e9r\u00eats, les droits et les libert\u00e9s de la personne concern\u00e9e ou pour la constatation, l&rsquo;exercice ou la d\u00e9fense d&rsquo;un droit en justice.<\/p>\r\n<\/div>\r\n<\/div>\r\n<div class=\"row mx-5 d-flex align-items-start mt-5 border-top pt-5\" data-aos=\"fade-right\">\r\n<div class=\"col-12 col-lg-10\">\r\n<span class=\"text-secondary\">11<\/span>\r\n<h2 class=\"mb-2\">Droit d&rsquo;opposition \u00e0 des fins de marketing<\/h2>\r\n<p>Chaque personne concern\u00e9e a le droit de s&rsquo;opposer \u00e0 tout moment au traitement de ses Donn\u00e9es personnelles effectu\u00e9 \u00e0 des fins de marketing, en \u00e9crivant un e-mail \u00e0 l&rsquo;adresse <a class=\"link-fancy\" href=\"mailto:privacy@bambinineldeserto.org\">privacy@bambinineldeserto.org<\/a>. L&rsquo;opposition au traitement exerc\u00e9e par ces moyens s&rsquo;\u00e9tend \u00e9galement \u00e0 l&rsquo;envoi de communications commerciales par service postal ou par appels t\u00e9l\u00e9phoniques avec op\u00e9rateur, sans pr\u00e9judice de la possibilit\u00e9 d&rsquo;exercer ce droit en partie, en s&rsquo;opposant par exemple uniquement au traitement effectu\u00e9 par des syst\u00e8mes de communication automatis\u00e9s.<\/p>\r\n<\/div>\r\n<\/div>\r\n<div class=\"row mx-5 d-flex align-items-start mt-5 border-top pt-5\" data-aos=\"fade-left\">\r\n<div class=\"col-12 col-lg-10\">\r\n<span class=\"text-secondary\">12<\/span>\r\n<h2 class=\"mb-2\">Droit de retrait du consentement<\/h2>\r\n<p>Dans le cas o\u00f9 le consentement est requis pour le traitement des Donn\u00e9es personnelles, chaque personne concern\u00e9e pourra \u00e9galement r\u00e9voquer \u00e0 tout moment le consentement d\u00e9j\u00e0 donn\u00e9, sans pr\u00e9judice de la lic\u00e9it\u00e9 du traitement bas\u00e9 sur le consentement donn\u00e9 avant la r\u00e9vocation. Le consentement peut \u00eatre r\u00e9voqu\u00e9 en \u00e9crivant un e-mail \u00e0 l&rsquo;adresse <a class=\"link-fancy\" href=\"mailto:privacy@bambinineldeserto.org\">privacy@bambinineldeserto.org<\/a>.<\/p>\r\n<\/div>\r\n<\/div>\r\n<div class=\"row mx-5 d-flex align-items-start mt-5 border-top pt-5\" data-aos=\"fade-right\">\r\n<div class=\"col-12 col-lg-10\">\r\n<span class=\"text-secondary\">13<\/span>\r\n<h2 class=\"mb-2\">Droit d&rsquo;introduire une r\u00e9clamation aupr\u00e8s de l&rsquo;Autorit\u00e9 de contr\u00f4le<\/h2>\r\n<p>En outre, chaque personne concern\u00e9e pourra introduire une r\u00e9clamation aupr\u00e8s de l&rsquo;Autorit\u00e9 de contr\u00f4le de la protection des donn\u00e9es personnelles si elle estime que les droits dont elle est titulaire en vertu du RGPD ont \u00e9t\u00e9 viol\u00e9s, selon les modalit\u00e9s indiqu\u00e9es sur le site internet de l&rsquo;Autorit\u00e9 accessible \u00e0 l&rsquo;adresse : <a class=\"link-fancy\" href=\"http:\/\/www.garanteprivacy.it\">www.garanteprivacy.it<\/a>.<\/p>\r\n<\/div>\r\n<\/div>\r\n\r\n<div class=\"row mx-5 d-flex align-items-start mt-5 border-top pt-5\" data-aos=\"fade-left\">\r\n<div class=\"col-12 col-lg-10\">\r\n<span class=\"text-secondary\">14<\/span>\r\n<h2 class=\"mb-2\">Droits de la personne concern\u00e9e<\/h2>\r\n<p>Les droits de la personne concern\u00e9e pourront \u00eatre exerc\u00e9s via les coordonn\u00e9es de r\u00e9f\u00e9rence de l&rsquo;Organisation indiqu\u00e9es ci-dessus.<\/p>\r\n<\/div>\r\n<\/div>\r\n\r\n<div class=\"row mx-5 d-flex align-items-start mt-5 border-top pt-5\" data-aos=\"fade-right\">\r\n<div class=\"col-12 col-lg-10\">\r\n<span class=\"text-secondary\">15<\/span>\r\n<h2 class=\"mb-2\">Politique de cookies<\/h2>\r\n<p><strong>Que sont les cookies<\/strong><\/p>\r\n<p>Un cookie est un fichier texte qui est stock\u00e9 sur les ordinateurs, tablettes, smartphones et sur tout appareil utilis\u00e9 pour naviguer sur Internet, capable de m\u00e9moriser les informations de navigation de l&rsquo;utilisateur. Certains cookies sont utilis\u00e9s pour faciliter la navigation et pour personnaliser l&rsquo;exp\u00e9rience sur notre site web, permettant la reconnaissance des utilisateurs \u00e0 leur arriv\u00e9e sur nos pages.<\/p>\r\n<p>La finalit\u00e9 de l&rsquo;utilisation des cookies est la personnalisation de l&rsquo;acc\u00e8s au site web, l&rsquo;optimisation de la navigation et du fonctionnement du site, pour l&rsquo;am\u00e9lioration de nos services.<\/p>\r\n<p><strong>Quels cookies utilisons-nous<\/strong><\/p>\r\n<p>Pour nos sites web, nous utilisons des cookies techniques propri\u00e9taires.<\/p>\r\n<p>Ces cookies sont fondamentaux pour le bon fonctionnement de nos sites web et pour am\u00e9liorer l&rsquo;exp\u00e9rience de navigation sur le site.<\/p>\r\n<p>Ils ne sont pas utilis\u00e9s \u00e0 d&rsquo;autres fins et sont normalement install\u00e9s directement par le propri\u00e9taire ou le gestionnaire du site web. Ils se divisent en cookies de navigation ou de session et garantissent la navigation normale et l&rsquo;utilisation du site web (permettant, par exemple, de r\u00e9aliser un achat ou de s&rsquo;authentifier pour acc\u00e9der \u00e0 des zones r\u00e9serv\u00e9es).<\/p>\r\n<p>Pour l&rsquo;installation de ces cookies, le consentement pr\u00e9alable des utilisateurs n&rsquo;est pas requis, conform\u00e9ment \u00e0 la directive 2009\/136\/CE, transpos\u00e9e par le d\u00e9cret l\u00e9gislatif du 28 mai 2012 n\u00b0 69, et \u00e0 la disposition de l&rsquo;Autorit\u00e9 de protection des donn\u00e9es personnelles relative \u00e0 l'\u00a0\u00bbIdentification des modalit\u00e9s simplifi\u00e9es pour l&rsquo;information et l&rsquo;obtention du consentement pour l&rsquo;utilisation des cookies\u00a0\u00bb du 8 mai 2014, publi\u00e9e au Journal officiel n\u00b0 126 du 3 juin 2014, les cookies techniques \u00e9tant fondamentaux pour le bon fonctionnement d&rsquo;un site web, ils peuvent \u00eatre utilis\u00e9s m\u00eame sans le consentement pr\u00e9alable de l&rsquo;utilisateur, sous r\u00e9serve de l&rsquo;obligation d&rsquo;information.<\/p>\r\n<p><strong>Conservation et suppression des cookies<\/strong><\/p>\r\n<p>La dur\u00e9e des cookies varie selon leur type : les cookies de session expirent \u00e0 la fermeture du navigateur ; les cookies persistants ont des dates d&rsquo;expiration typiques qui, en g\u00e9n\u00e9ral, ne d\u00e9passent pas 2 ans.<\/p>\r\n<p>L&rsquo;utilisateur peut refuser l&rsquo;utilisation de certains cookies utilis\u00e9s par ce site web en s\u00e9lectionnant, sur son navigateur, les param\u00e8tres qui permettent de les refuser. Chaque navigateur (par exemple Chrome, Firefox, Safari, etc.) a des proc\u00e9dures sp\u00e9cifiques \u00e0 suivre pour d\u00e9sactiver les cookies, qui peuvent \u00eatre trouv\u00e9es sur le site internet du fournisseur du navigateur.<\/p>\r\n<\/div>\r\n<\/div>\r\n\r\n<div class=\"row mx-5 d-flex align-items-start mt-5 border-top pt-5\" data-aos=\"fade-up\">\r\n<div class=\"col-12 col-lg-10\">\r\n<span class=\"text-secondary\">16<\/span>\r\n<h2 class=\"mb-2\">Modifications des informations sur la confidentialit\u00e9 et les cookies<\/h2>\r\n<p>Bambini nel Deserto ETS se r\u00e9serve le droit d&rsquo;apporter des modifications \u00e0 la pr\u00e9sente politique de confidentialit\u00e9 et de cookies. L&rsquo;utilisateur accepte d&rsquo;\u00eatre li\u00e9 par ces \u00e9ventuelles r\u00e9visions futures et s&rsquo;engage, par cons\u00e9quent, \u00e0 visiter p\u00e9riodiquement cette page pour \u00eatre inform\u00e9 d&rsquo;\u00e9ventuelles modifications.<\/p>\r\n<\/div>\r\n<\/div>\r\n<\/div>\t\r\n<\/div>\n","protected":false},"excerpt":{"rendered":"<p>Version 1.0.3, Juin 2024 Conform\u00e9ment \u00e0 l&rsquo;article 13 du r\u00e8glement (UE) N\u00b0 679\/2016 (\u00ab\u00a0RGPD\u00a0\u00bb), Bambini nel Deserto ETS (\u00ab\u00a0BnD\u00a0\u00bb, l&rsquo;\u00a0\u00bbOrganisation\u00a0\u00bb ou le \u00ab\u00a0Responsable du traitement\u00a0\u00bb), informe que les Donn\u00e9es personnelles fournies (\u00ab\u00a0Donn\u00e9es\u00a0\u00bb) seront trait\u00e9es dans le respect des dispositions pr\u00e9vues par la loi et conform\u00e9ment \u00e0 l&rsquo;information qui suit. La pr\u00e9sente information est sp\u00e9cifiquement fournie [&hellip;]<\/p>\n","protected":false},"author":1,"featured_media":2899,"parent":0,"menu_order":0,"comment_status":"closed","ping_status":"closed","template":"","meta":{"footnotes":""},"class_list":["post-4796","page","type-page","status-publish","has-post-thumbnail","hentry"],"_links":{"self":[{"href":"https:\/\/bnd.ngo\/fr\/wp-json\/wp\/v2\/pages\/4796","targetHints":{"allow":["GET"]}}],"collection":[{"href":"https:\/\/bnd.ngo\/fr\/wp-json\/wp\/v2\/pages"}],"about":[{"href":"https:\/\/bnd.ngo\/fr\/wp-json\/wp\/v2\/types\/page"}],"author":[{"embeddable":true,"href":"https:\/\/bnd.ngo\/fr\/wp-json\/wp\/v2\/users\/1"}],"replies":[{"embeddable":true,"href":"https:\/\/bnd.ngo\/fr\/wp-json\/wp\/v2\/comments?post=4796"}],"version-history":[{"count":0,"href":"https:\/\/bnd.ngo\/fr\/wp-json\/wp\/v2\/pages\/4796\/revisions"}],"wp:featuredmedia":[{"embeddable":true,"href":"https:\/\/bnd.ngo\/fr\/wp-json\/wp\/v2\/media\/2899"}],"wp:attachment":[{"href":"https:\/\/bnd.ngo\/fr\/wp-json\/wp\/v2\/media?parent=4796"}],"curies":[{"name":"wp","href":"https:\/\/api.w.org\/{rel}","templated":true}]}}