{"id":4773,"date":"2024-05-11T20:19:12","date_gmt":"2024-05-11T18:19:12","guid":{"rendered":"https:\/\/bnd.ngo\/nos-partenaires\/"},"modified":"2024-07-14T13:35:40","modified_gmt":"2024-07-14T11:35:40","slug":"nos-partenaires","status":"publish","type":"page","link":"https:\/\/bnd.ngo\/fr\/nos-partenaires\/","title":{"rendered":"Nos partenaires"},"content":{"rendered":"\n<p>Nous avons le privil\u00e8ge de collaborer avec une vari\u00e9t\u00e9 exceptionnelle d&rsquo;entreprises, et cette page c\u00e9l\u00e8bre ceux qui nous aident \u00e0 faire la diff\u00e9rence pour des milliers de personnes.&#13;\nParmi nos bailleurs de fonds figurent d&rsquo;importantes multinationales et des entreprises italiennes de diff\u00e9rentes tailles, dont le soutien amplifie l&rsquo;efficacit\u00e9 de notre travail.&#13;\nChaque logo ici repr\u00e9sente un engagement profond envers des projets ; collaborer avec nous signifie non seulement investir dans un avenir meilleur pour les communaut\u00e9s vuln\u00e9rables, mais aussi valoriser votre image d&rsquo;entreprise, en construisant une r\u00e9putation qui refl\u00e8te un fort engagement social.<\/p>\n\n<div class=\"row\">\n<div class=\"col-md-10\">\n<p class=\"mt-0\">Nous vous invitons \u00e0 nous rejoindre dans ce parcours de solidarit\u00e9 et de progr\u00e8s, am\u00e9liorant ainsi la perception de votre marque et contribuant \u00e0 un impact social positif.<\/p>\n<\/div>\n<div class=\"col-md-2 text-center\">\n<a class=\"master-button\" href=\"https:\/\/bnd.ngo\/fr\/contacts\/\" title=\"contactez-nous pour devenir notre partenaire\">Contactez-nous<\/a>\n<\/div>\n<\/div>\n","protected":false},"excerpt":{"rendered":"<p>Nous avons le privil\u00e8ge de collaborer avec une vari\u00e9t\u00e9 exceptionnelle d&rsquo;entreprises, et cette page c\u00e9l\u00e8bre ceux qui nous aident \u00e0 faire la diff\u00e9rence pour des milliers de personnes.&#13; Parmi nos bailleurs de fonds figurent d&rsquo;importantes multinationales et des entreprises italiennes de diff\u00e9rentes tailles, dont le soutien amplifie l&rsquo;efficacit\u00e9 de notre travail.&#13; Chaque logo ici repr\u00e9sente [&hellip;]<\/p>\n","protected":false},"author":1,"featured_media":2878,"parent":0,"menu_order":0,"comment_status":"closed","ping_status":"closed","template":"page_partners.php","meta":{"footnotes":""},"class_list":["post-4773","page","type-page","status-publish","has-post-thumbnail","hentry"],"_links":{"self":[{"href":"https:\/\/bnd.ngo\/fr\/wp-json\/wp\/v2\/pages\/4773","targetHints":{"allow":["GET"]}}],"collection":[{"href":"https:\/\/bnd.ngo\/fr\/wp-json\/wp\/v2\/pages"}],"about":[{"href":"https:\/\/bnd.ngo\/fr\/wp-json\/wp\/v2\/types\/page"}],"author":[{"embeddable":true,"href":"https:\/\/bnd.ngo\/fr\/wp-json\/wp\/v2\/users\/1"}],"replies":[{"embeddable":true,"href":"https:\/\/bnd.ngo\/fr\/wp-json\/wp\/v2\/comments?post=4773"}],"version-history":[{"count":0,"href":"https:\/\/bnd.ngo\/fr\/wp-json\/wp\/v2\/pages\/4773\/revisions"}],"wp:featuredmedia":[{"embeddable":true,"href":"https:\/\/bnd.ngo\/fr\/wp-json\/wp\/v2\/media\/2878"}],"wp:attachment":[{"href":"https:\/\/bnd.ngo\/fr\/wp-json\/wp\/v2\/media?parent=4773"}],"curies":[{"name":"wp","href":"https:\/\/api.w.org\/{rel}","templated":true}]}}