{"id":4725,"date":"2024-05-09T12:06:59","date_gmt":"2024-05-09T10:06:59","guid":{"rendered":"https:\/\/bnd.ngo\/foire-aux-questions-faq\/"},"modified":"2024-06-23T19:11:26","modified_gmt":"2024-06-23T17:11:26","slug":"foire-aux-questions-faq","status":"publish","type":"page","link":"https:\/\/bnd.ngo\/fr\/foire-aux-questions-faq\/","title":{"rendered":"Foire aux questions (FAQ)"},"content":{"rendered":"\n<div class=\"py-vh-5 w-100 overflow-hidden\" id=\"privacy-policy\">\r\n<div class=\"container my-5\">\r\n<div class=\"row d-flex justify-content-center\">\r\n<div class=\"col-12 col-md-10 col-xl-8\">\r\n<span class=\"h6 badge text-bg-light\" data-aos=\"fade-down\">Version 1.0.4, mai 2024<\/span>\r\n<h2>Bienvenue dans notre section Foire aux Questions !<\/h2>\r\n<p class=\"lead py-vh-2\">Nous sommes ravis de vous accueillir au c\u0153ur des informations les plus demand\u00e9es concernant notre organisation. Vous trouverez ici les r\u00e9ponses aux questions courantes qui peuvent survenir concernant notre mission, nos projets, les m\u00e9thodes de participation, et bien plus encore.<br\/>Nous travaillons constamment \u00e0 am\u00e9liorer la vie des enfants et de leurs communaut\u00e9s, et nous croyons que la transparence et la clart\u00e9 sont fondamentales pour notre engagement. Si vous avez des questions qui ne sont pas trait\u00e9es ici, n&rsquo;h\u00e9sitez pas \u00e0 <a class=\"link-fancy\" href=\"https:\/\/bnd.ngo\/fr\/contacts\/\" title=\"contact us\">nous contacter<\/a> directement.<br\/>Nous sommes l\u00e0 pour vous, pr\u00eats \u00e0 partager des informations et \u00e0 fournir un soutien.<br\/>Merci de votre int\u00e9r\u00eat et du soutien que vous nous apportez dans notre d\u00e9marche. Ensemble, nous pouvons continuer \u00e0 faire la diff\u00e9rence dans la vie de ceux qui en ont le plus besoin.<\/p>\r\n\r\n<div class=\"mt-4 d-flex justify-content-center\" data-aos=\"fade-down\" data-aos-delay=\"300\">\r\n<svg viewbox=\"0 0 29 107\" xmlns=\"http:\/\/www.w3.org\/2000\/svg\" style=\"width:30px;\" data-aos=\"fade-down\">\r\n<path d=\"M15.425 106.639l13.116-12.42c.55-.446.615-1.23.144-1.751a1.363 1.363 0 0 0-1.993 0l-10.887 10.296V1.242C15.805.556 15.218 0 14.493 0c-.724 0-1.311.556-1.311 1.242v101.522L2.308 92.468a1.363 1.363 0 0 0-1.85-.136 1.197 1.197 0 0 0 0 1.887l13.117 12.42a1.364 1.364 0 0 0 1.85 0z\" fill=\"#000\" fill-rule=\"evenodd\"><\/path>\r\n<\/svg>\r\n<\/div>\r\n<\/div>  \r\n<\/div>\r\n\r\n<div class=\"row mx-5 d-flex align-items-start mt-2 pt-2\" data-aos=\"fade-up\">\r\n<div class=\"col-12 col-lg-10\">\r\n<span class=\"text-secondary\">01<\/span>\r\n<h2 class=\"mb-2\">Que signifie ONG ?<\/h2>\r\n<p>ONG signifie Organisation Non Gouvernementale, ce terme d\u00e9signe des organisations sp\u00e9cifiques qui concentrent leurs activit\u00e9s sur la coop\u00e9ration au d\u00e9veloppement et sont reconnues par le minist\u00e8re des Affaires \u00e9trang\u00e8res et list\u00e9es sur une liste sp\u00e9cifique.<\/p>\r\n<\/div>\r\n<\/div>\r\n\r\n<div class=\"row mx-5 d-flex align-items-start mt-2 pt-2\" data-aos=\"fade-up\">\r\n<div class=\"col-12 col-lg-10\">\r\n<span class=\"text-secondary\">02<\/span>\r\n<h2 class=\"mb-2\">Qu&rsquo;est-ce qu&rsquo;une Entit\u00e9 du Troisi\u00e8me Secteur (ETS) ?<\/h2>\r\n<p>Une ETS, ou Entit\u00e9 du Troisi\u00e8me Secteur, est une organisation \u00e0 but non lucratif qui op\u00e8re dans le domaine de la solidarit\u00e9 sociale, de la charit\u00e9 et de la coop\u00e9ration, jouant un r\u00f4le crucial dans la promotion du bien-\u00eatre social et l&rsquo;aide aux personnes dans le besoin. Les ETS incluent des associations, des fondations, des ONG et des organisations similaires. Elles sont r\u00e9gies par des lois sp\u00e9cifiques et b\u00e9n\u00e9ficient souvent d&rsquo;avantages fiscaux pour encourager leur contribution au bien commun.<\/p>\r\n<\/div>\r\n<\/div>\r\n\r\n<div class=\"row mx-5 d-flex align-items-start mt-2 pt-2\" data-aos=\"fade-up\">\r\n<div class=\"col-12 col-lg-10\">\r\n<span class=\"text-secondary\">03<\/span>\r\n<h2 class=\"mb-2\">Qu&rsquo;est-ce que le Registre Unique du Troisi\u00e8me Secteur (RUNTS) ?<\/h2>\r\n<p>Le Registre Unique du Troisi\u00e8me Secteur (RUNTS) est un registre public \u00e9tabli en Italie pour enregistrer toutes les organisations du troisi\u00e8me secteur (ETS) op\u00e9rant dans le pays. Le RUNTS fournit des informations sur les activit\u00e9s, la structure organisationnelle et le budget des entit\u00e9s enregistr\u00e9es, contribuant \u00e0 la transparence et \u00e0 la surveillance du secteur. L&rsquo;inscription au RUNTS offre toute une s\u00e9rie d&rsquo;avantages, y compris l&rsquo;acc\u00e8s aux financements publics et la possibilit\u00e9 de r\u00e9ductions fiscales.<\/p>\r\n<\/div>\r\n<\/div>\r\n\r\n<div class=\"row mx-5 d-flex align-items-start mt-2 pt-2\" data-aos=\"fade-up\">\r\n<div class=\"col-12 col-lg-10\">\r\n<span class=\"text-secondary\">04<\/span>\r\n<h2 class=\"mb-2\">Que signifie Onlus ?<\/h2>\r\n<p>Onlus signifie Organisation \u00e0 But Non Lucratif d&rsquo;Utilit\u00e9 Sociale et indique une cat\u00e9gorie fiscale \u00e0 laquelle, selon l&rsquo;art. 10 du D\u00e9cret L\u00e9gislatif n\u00b0 460 du 4 d\u00e9cembre 1997, certaines entit\u00e9s priv\u00e9es appartiennent, m\u00eame sans personnalit\u00e9 juridique, dont les statuts ou actes constitutifs remplissent les conditions \u00e9num\u00e9r\u00e9es dans le m\u00eame article. Appartenir \u00e0 cette cat\u00e9gorie permet de b\u00e9n\u00e9ficier d&rsquo;avantages fiscaux.<\/p>\r\n<\/div>\r\n<\/div>\r\n\r\n<div class=\"row mx-5 d-flex align-items-start mt-2 pt-2\" data-aos=\"fade-up\">\r\n<div class=\"col-12 col-lg-10\">\r\n<span class=\"text-secondary\">05<\/span>\r\n<h2 class=\"mb-2\">Qui compose Bambini nel Deserto ?<\/h2>\r\n<p>De citoyens italiens et \u00e9trangers r\u00e9sidant en Italie ou \u00e0 l&rsquo;\u00e9tranger qui peuvent demander \u00e0 \u00eatre membres apr\u00e8s une ann\u00e9e de travail volontaire au sein de Bambini nel Deserto.<\/p>\r\n<\/div>\r\n<\/div>\r\n\r\n<div class=\"row mx-5 d-flex align-items-start mt-2 pt-2\" data-aos=\"fade-up\">\r\n<div class=\"col-12 col-lg-10\">\r\n<span class=\"text-secondary\">06<\/span>\r\n<h2 class=\"mb-2\">Comment devenir membre de Bambini nel Deserto ?<\/h2>\r\n<p>Tous les citoyens adultes, italiens et \u00e9trangers, r\u00e9sidant en Italie ou \u00e0 l&rsquo;\u00e9tranger, ayant accompli une ann\u00e9e de travail volontaire actif et continu au sein de l&rsquo;organisation, peuvent postuler pour devenir membres de Bambini nel Deserto. L&rsquo;adh\u00e9sion n\u00e9cessite le paiement de la cotisation annuelle.<\/p>\r\n<\/div>\r\n<\/div>\r\n\r\n<div class=\"row mx-5 d-flex align-items-start mt-2 pt-2\" data-aos=\"fade-up\">\r\n<div class=\"col-12 col-lg-10\">\r\n<span class=\"text-secondary\">07<\/span>\r\n<h2 class=\"mb-2\">Quelles sont les exigences pour devenir b\u00e9n\u00e9vole pour Bambini nel Deserto ?<\/h2>\r\n<p>Collaborer avec Bambini nel Deserto ne n\u00e9cessite pas de comp\u00e9tences sp\u00e9cifiques : toute personne peut fournir un service utile en mettant ses comp\u00e9tences et ses connaissances \u00e0 disposition de l&rsquo;organisation. Bambini nel Deserto demande \u00e0 toute personne collaborant de conna\u00eetre les Statuts et R\u00e8glements internes de l&rsquo;organisation. Peu importe le temps que l&rsquo;on peut consacrer, en particulier pour les activit\u00e9s dans sa propre r\u00e9gion de r\u00e9sidence : ce qui compte, c&rsquo;est que l&rsquo;engagement pris ne soit pas ensuite n\u00e9glig\u00e9. Bambini nel Deserto op\u00e8re principalement dans les pays francophones : pour participer aux exp\u00e9ditions et missions, il est conseill\u00e9 de conna\u00eetre la langue en usage.<\/p>\r\n<\/div>\r\n<\/div>\r\n\r\n<div class=\"row mx-5 d-flex align-items-start mt-2 pt-2\" data-aos=\"fade-up\">\r\n<div class=\"col-12 col-lg-10\">\r\n<span class=\"text-secondary\">08<\/span>\r\n<h2 class=\"mb-2\">Comment sont d\u00e9pens\u00e9s les fonds collect\u00e9s par l&rsquo;appel de Bambini nel Deserto ?<\/h2>\r\n<p>L&rsquo;allocation des fonds collect\u00e9s pour divers projets est planifi\u00e9e dans le budget pr\u00e9visionnel approuv\u00e9 chaque ann\u00e9e par l&rsquo;Assembl\u00e9e g\u00e9n\u00e9rale des membres. Les d\u00e9cisions d&rsquo;allocation rel\u00e8vent du Bureau des projets, qui est charg\u00e9 de superviser la mise en \u0153uvre des projets. La transparence dans la gestion des fonds est garantie par des contr\u00f4les internes rigoureux et la publication annuelle des comptes certifi\u00e9s par un r\u00e9viseur externe.<\/p>\r\n<\/div>\r\n<\/div>\r\n\r\n<div class=\"row mx-5 d-flex align-items-start mt-2 pt-2\" data-aos=\"fade-up\">\r\n<div class=\"col-12 col-lg-10\">\r\n<span class=\"text-secondary\">09<\/span>\r\n<h2 class=\"mb-2\">Comment puis-je contribuer financi\u00e8rement \u00e0 Bambini nel Deserto ?<\/h2>\r\n<p>Vous pouvez soutenir les projets de Bambini nel Deserto en faisant un don directement sur notre site Web ou en contactant notre responsable de la collecte de fonds. Nous acceptons les virements bancaires, les dons PayPal ou par carte de cr\u00e9dit. Il est essentiel de sp\u00e9cifier dans le champ \u00ab\u00a0objet\u00a0\u00bb \u00e0 quel projet ou campagne est destin\u00e9 le don : le responsable de la collecte de fonds et tous ceux qui collaborent avec Bambini nel Deserto veilleront \u00e0 ce que votre don atteigne le projet ou la campagne choisi(e). En cas de don g\u00e9n\u00e9ral, l&rsquo;Assembl\u00e9e g\u00e9n\u00e9rale des membres de Bambini nel Deserto et ses divers collaborateurs choisiront les projets ou campagnes auxquels affecter les fonds.<\/p>\r\n<\/div>\r\n<\/div>\r\n\r\n<div class=\"row mx-5 d-flex align-items-start mt-2 pt-2\" data-aos=\"fade-up\">\r\n<div class=\"col-12 col-lg-10\">\r\n<span class=\"text-secondary\">10<\/span>\r\n<h2 class=\"mb-2\">Comment les comptes de Bambini nel Deserto sont-ils v\u00e9rifi\u00e9s ?<\/h2>\r\n<p>Conform\u00e9ment aux statuts de l&rsquo;association, les comptes de Bambini nel Deserto sont v\u00e9rifi\u00e9s par un expert-comptable externe, choisi par l&rsquo;Assembl\u00e9e g\u00e9n\u00e9rale des membres, qui effectue l&rsquo;audit et r\u00e9dige un rapport int\u00e9gral publi\u00e9 dans le budget annuel, accessible \u00e0 tous les membres et \u00e0 toute personne int\u00e9ress\u00e9e.<br\/>Bambini nel Deserto est inscrite au Registre Unique des Entit\u00e9s du Troisi\u00e8me Secteur &#8211; RUNTS et est une ONG reconnue.<\/p>\r\n<\/div>\r\n<\/div>\r\n\r\n<div class=\"row mx-5 d-flex align-items-start mt-2 pt-2\" data-aos=\"fade-up\">\r\n<div class=\"col-12 col-lg-10\">\r\n<span class=\"text-secondary\">11<\/span>\r\n<h2 class=\"mb-2\">Comment puis-je en savoir plus sur la transparence de Bambini nel Deserto ?<\/h2>\r\n<p>La transparence est l&rsquo;un des principes fondamentaux de Bambini nel Deserto. Chaque ann\u00e9e, l&rsquo;Assembl\u00e9e g\u00e9n\u00e9rale des membres approuve les lignes directrices et le plan d&rsquo;action pour l&rsquo;ann\u00e9e, et le Bureau des projets est responsable de superviser l&rsquo;allocation des ressources aux diff\u00e9rents projets.<br\/>Bambini nel Deserto estime essentiel de maintenir un contact permanent avec ses membres et tous ceux qui souhaitent collaborer afin d&rsquo;assurer une transparence totale. \u00c0 cette fin, Bambini nel Deserto publie les proc\u00e8s-verbaux des r\u00e9unions du Conseil d&rsquo;administration, les \u00e9tats financiers et toute autre information jug\u00e9e pertinente sur le site Web de l&rsquo;organisation.<br\/>Les membres peuvent acc\u00e9der \u00e0 la documentation susmentionn\u00e9e via leur profil prot\u00e9g\u00e9 par mot de passe : si vous souhaitez recevoir plus d&rsquo;informations, la personne de contact appropri\u00e9e sera \u00e0 votre disposition.<br\/>Bambini nel Deserto est \u00e0 votre service, toujours ouvert au dialogue et disponible pour clarifier tout doute ou pr\u00e9occupation que vous pourriez avoir.<\/p>\r\n<\/div>\r\n<\/div>\r\n\r\n<div class=\"row mx-5 d-flex align-items-start mt-2 pt-2\" data-aos=\"fade-up\">\r\n<div class=\"col-12 col-lg-10\">\r\n<span class=\"text-secondary\">12<\/span>\r\n<h2 class=\"mb-2\">Que signifient les abr\u00e9viations BnD, SAD, D4A et D4P ?<\/h2>\r\n<p>BnD signifie Bambini nel Deserto ; SAD signifie \u00ab\u00a0Soutien \u00e0 Distance\u00a0\u00bb, D4A signifie \u00ab\u00a0Exp\u00e9dition d&rsquo;Aide\u00a0\u00bb et D4P signifie \u00ab\u00a0Partenariat pour la R\u00e9alisation de Projets\u00a0\u00bb.<\/p>\r\n<\/div>\r\n<\/div>\r\n\r\n<\/div>\r\n<\/div>\r\n","protected":false},"excerpt":{"rendered":"<p>Version 1.0.4, mai 2024 Bienvenue dans notre section Foire aux Questions ! Nous sommes ravis de vous accueillir au c\u0153ur des informations les plus demand\u00e9es concernant notre organisation. Vous trouverez ici les r\u00e9ponses aux questions courantes qui peuvent survenir concernant notre mission, nos projets, les m\u00e9thodes de participation, et bien plus encore.Nous travaillons constamment \u00e0 [&hellip;]<\/p>\n","protected":false},"author":1,"featured_media":2905,"parent":0,"menu_order":0,"comment_status":"closed","ping_status":"closed","template":"","meta":{"footnotes":""},"class_list":["post-4725","page","type-page","status-publish","has-post-thumbnail","hentry"],"_links":{"self":[{"href":"https:\/\/bnd.ngo\/fr\/wp-json\/wp\/v2\/pages\/4725","targetHints":{"allow":["GET"]}}],"collection":[{"href":"https:\/\/bnd.ngo\/fr\/wp-json\/wp\/v2\/pages"}],"about":[{"href":"https:\/\/bnd.ngo\/fr\/wp-json\/wp\/v2\/types\/page"}],"author":[{"embeddable":true,"href":"https:\/\/bnd.ngo\/fr\/wp-json\/wp\/v2\/users\/1"}],"replies":[{"embeddable":true,"href":"https:\/\/bnd.ngo\/fr\/wp-json\/wp\/v2\/comments?post=4725"}],"version-history":[{"count":0,"href":"https:\/\/bnd.ngo\/fr\/wp-json\/wp\/v2\/pages\/4725\/revisions"}],"wp:featuredmedia":[{"embeddable":true,"href":"https:\/\/bnd.ngo\/fr\/wp-json\/wp\/v2\/media\/2905"}],"wp:attachment":[{"href":"https:\/\/bnd.ngo\/fr\/wp-json\/wp\/v2\/media?parent=4725"}],"curies":[{"name":"wp","href":"https:\/\/api.w.org\/{rel}","templated":true}]}}