{"id":4696,"date":"2024-05-06T14:16:27","date_gmt":"2024-05-06T12:16:27","guid":{"rendered":"https:\/\/bnd.ngo\/qui-nous-sommes\/notre-equipe\/"},"modified":"2024-07-14T12:34:09","modified_gmt":"2024-07-14T10:34:09","slug":"notre-equipe","status":"publish","type":"page","link":"https:\/\/bnd.ngo\/fr\/notre-equipe\/","title":{"rendered":"Notre \u00e9quipe"},"content":{"rendered":"\n<h5 class=\"pb-4\">Conseil d&rsquo;administration<\/h5>\n\n<div class=\"row\">\r\n<div class=\"col-md-2 outspot\">\r\n<h6>Luca Iotti<\/h6>\r\n<address>Pr\u00e9sident<\/address>\r\n<p><a class=\"me-2\" href=\"mailto:presidente@bambinineldeserto.org\" title=\"envoyer un e-mail\"><i class=\"bi bi-envelope-at\"><\/i><\/a><a class=\"me-2\" href=\"tel:+393517254187\" title=\"appeler\"><i class=\"bi bi-telephone\"><\/i><\/a>\r\n<a class=\"\" href=\"https:\/\/www.linkedin.com\/in\/lucaiotti66\/\" title=\"voir le profil LinkedIn (s'ouvre dans une nouvelle fen\u00eatre)\" target=\"_blank\" rel=\"noopener nofollow\"><i class=\"bi bi-linkedin\"><\/i><\/a>\r\n<\/p>\t\r\n<\/div>\r\n<div class=\"col-md-2 outspot\">\r\n<h6>Sabrina Di Gioia<\/h6>\r\n<address>Vice-pr\u00e9sidente<\/address>\r\n<p><a class=\"me-2\" href=\"https:\/\/www.linkedin.com\/in\/sabrina-di-gioia-b48404a5\/\" title=\"voir le profil LinkedIn (s'ouvre dans une nouvelle fen\u00eatre)\" target=\"_blank\" rel=\"noopener nofollow\"><i class=\"bi bi-linkedin\"><\/i><\/a><\/p>\r\n<\/div>\r\n<div class=\"col-md-2 outspot\">\r\n<h6>Anna Perrella<\/h6>\r\n<address>Tr\u00e9sori\u00e8re<\/address>\r\n<p><a class=\"me-2\" href=\"https:\/\/www.linkedin.com\/in\/anna-perrella\" title=\"voir le profil LinkedIn (s'ouvre dans une nouvelle fen\u00eatre)\" target=\"_blank\" rel=\"noopener nofollow\"><i class=\"bi bi-linkedin\"><\/i><\/a><\/p>\r\n<\/div>\r\n<div class=\"col-md-2 outspot\">\r\n<h6>Rita Leorato<\/h6>\r\n<address>Membre<\/address>\r\n<\/div>\r\n<div class=\"col-md-2 outspot\">\r\n<h6>Cristian Concollato<\/h6>\r\n<address>Membre<\/address>\r\n<\/div>\r\n<div class=\"col-md-2 outspot\">\r\n<h6>Andrea Finocchio<\/h6>\r\n<address>Membre<\/address>\r\n<\/div>\r\n<\/div>\r\n<div class=\"row mt-2\">\r\n<div class=\"col-md-2 outspot\">\r\n<h6>Margherita Mansuino<\/h6>\r\n<address>Membre<\/address>\r\n<p><a class=\"me-2\" href=\"https:\/\/www.linkedin.com\/in\/margherita-mansuino\/\" title=\"voir le profil LinkedIn (s'ouvre dans une nouvelle fen\u00eatre)\" target=\"_blank\" rel=\"noopener nofollow\"><i class=\"bi bi-linkedin\"><\/i><\/a><\/p>\r\n<\/div>\r\n<\/div>\n\n<h5 class=\"py-4\">Organe de contr\u00f4le<\/h5>\n\n<div class=\"row\">\r\n<div class=\"col-md-2 outspot\">\r\n<h6>Carolina Silvestri<\/h6>\r\n<address>Membre<\/address>\t\r\n<\/div>\r\n<div class=\"col-md-2 outspot\">\r\n<h6>Federico Bacchiega<\/h6>\r\n<address>R\u00e9viseur<\/address>\r\n<p><a class=\"me-2\" href=\"https:\/\/www.linkedin.com\/in\/federico-bacchiega-450217ab\/\" title=\"voir le profil LinkedIn (s'ouvre dans une nouvelle fen\u00eatre)\" target=\"_blank\" rel=\"noopener nofollow\"><i class=\"bi bi-linkedin\"><\/i><\/a><\/p>\r\n<\/div>\r\n<div class=\"col-md-2 outspot\">\r\n<h6>Laura Leonelli<\/h6>\r\n<address>Membre<\/address>\r\n<p><a class=\"me-2\" href=\"https:\/\/www.linkedin.com\/in\/laura-leonelli-735827210\/\" title=\"voir le profil LinkedIn (s'ouvre dans une nouvelle fen\u00eatre)\" target=\"_blank\" rel=\"noopener nofollow\"><i class=\"bi bi-linkedin\"><\/i><\/a><\/p>\r\n<\/div>\r\n<\/div>\n\n<h5 class=\"py-4\">Responsables sectoriels<\/h5>\n\n<div class=\"row\">\r\n<div class=\"col-md-2 outspot\">\r\n<h6>Bruna Montorsi<\/h6>\r\n<address>Enfance, \u00e9ducation et <acronym title=\"Soutien \u00e0 distance\">SAD<\/acronym><\/address>\r\n<\/div>\r\n<div class=\"col-md-2 outspot\">\r\n<h6>Nuccia Maldera<\/h6>\r\n<address>Bureau S\u00e9n\u00e9gal<\/address>\r\n<\/div>\r\n<div class=\"col-md-2 outspot\">\r\n<h6>Cristian Concollato<\/h6>\r\n<address>Construction, travaux hydrauliques<\/address>\r\n<\/div>\r\n<div class=\"col-md-2 outspot\">\r\n<h6>Andrea Finocchio<\/h6>\r\n<address>\u00c9quipe BnD Biker<\/address>\r\n<\/div>\r\n<div class=\"col-md-2 outspot\">\r\n<h6>Giuseppe Nerilli<\/h6>\r\n<address>Environnement<\/address>\r\n<p><a class=\"me-2\" href=\"https:\/\/www.linkedin.com\/in\/giuseppe-nerilli-206069124\/\" title=\"voir le profil LinkedIn (s'ouvre dans une nouvelle fen\u00eatre)\" target=\"_blank\" rel=\"noopener nofollow\"><i class=\"bi bi-linkedin\"><\/i><\/a><\/p>\r\n<\/div>\r\n<div class=\"col-md-2 outspot\">\r\n<h6>Laura Pugnaghi<\/h6>\r\n<address>Migrations<\/address>\r\n<\/div>\r\n<\/div>\n","protected":false},"excerpt":{"rendered":"<p>Conseil d&rsquo;administration Luca Iotti Pr\u00e9sident Sabrina Di Gioia Vice-pr\u00e9sidente Anna Perrella Tr\u00e9sori\u00e8re Rita Leorato Membre Cristian Concollato Membre Andrea Finocchio Membre Margherita Mansuino Membre Organe de contr\u00f4le Carolina Silvestri Membre Federico Bacchiega R\u00e9viseur Laura Leonelli Membre Responsables sectoriels Bruna Montorsi Enfance, \u00e9ducation et SAD Nuccia Maldera Bureau S\u00e9n\u00e9gal Cristian Concollato Construction, travaux hydrauliques Andrea Finocchio [&hellip;]<\/p>\n","protected":false},"author":1,"featured_media":2902,"parent":0,"menu_order":0,"comment_status":"closed","ping_status":"closed","template":"page_team.php","meta":{"footnotes":""},"class_list":["post-4696","page","type-page","status-publish","has-post-thumbnail","hentry"],"_links":{"self":[{"href":"https:\/\/bnd.ngo\/fr\/wp-json\/wp\/v2\/pages\/4696","targetHints":{"allow":["GET"]}}],"collection":[{"href":"https:\/\/bnd.ngo\/fr\/wp-json\/wp\/v2\/pages"}],"about":[{"href":"https:\/\/bnd.ngo\/fr\/wp-json\/wp\/v2\/types\/page"}],"author":[{"embeddable":true,"href":"https:\/\/bnd.ngo\/fr\/wp-json\/wp\/v2\/users\/1"}],"replies":[{"embeddable":true,"href":"https:\/\/bnd.ngo\/fr\/wp-json\/wp\/v2\/comments?post=4696"}],"version-history":[{"count":0,"href":"https:\/\/bnd.ngo\/fr\/wp-json\/wp\/v2\/pages\/4696\/revisions"}],"wp:featuredmedia":[{"embeddable":true,"href":"https:\/\/bnd.ngo\/fr\/wp-json\/wp\/v2\/media\/2902"}],"wp:attachment":[{"href":"https:\/\/bnd.ngo\/fr\/wp-json\/wp\/v2\/media?parent=4696"}],"curies":[{"name":"wp","href":"https:\/\/api.w.org\/{rel}","templated":true}]}}