{"id":4684,"date":"2024-04-09T18:31:58","date_gmt":"2024-04-09T16:31:58","guid":{"rendered":"https:\/\/bnd.ngo\/cooperation-internationale\/"},"modified":"2024-06-23T17:49:58","modified_gmt":"2024-06-23T15:49:58","slug":"cooperation-internationale","status":"publish","type":"page","link":"https:\/\/bnd.ngo\/fr\/cooperation-internationale\/","title":{"rendered":"Coop\u00e9ration Internationale"},"content":{"rendered":"\n<div class=\"container-fluid\">\r\n<div class=\"row pt-5 px-5 emergency-blocks\">\r\n<div class=\"col-md-12\">\r\n<p class=\"px-4 py-4 intro\">L&rsquo;engagement de notre organisation se concentre sur la mise en \u0153uvre de projets de <strong>Coop\u00e9ration Internationale<\/strong> visant \u00e0 am\u00e9liorer la qualit\u00e9 de vie des enfants et de leurs communaut\u00e9s d&rsquo;origine, et sur des interventions d&rsquo;<a class=\"link-fancy\" title=\"informez-vous sur nos activit\u00e9s d'Urgence Humanitaire\" href=\"https:\/\/bnd.ngo\/fr\/urgences-humanitaires\/\">Urgence Humanitaire<\/a>.<\/p>\r\n\r\n<\/div>\r\n<\/div>\r\n<div class=\"row py-5 px-5 emergency-blocks\">\r\n<div class=\"col-md-4 mt-4 mt-md-0 emergency-block\">\r\n<div class=\"p-4\"><img decoding=\"async\" class=\"img-fluid rounded\" src=\"https:\/\/bnd.ngo\/wp-content\/uploads\/2024\/04\/Acqua-scaled.jpg\"\/>\r\n<h2 style=\"color: #24c0e6;\">Eau et Hygi\u00e8ne<\/h2>\r\nNous apportons de l&rsquo;eau, source de vie essentielle, aux communaut\u00e9s qui en manquent, en garantissant l&rsquo;acc\u00e8s \u00e0 des syst\u00e8mes d&rsquo;hygi\u00e8ne qui prot\u00e8gent la sant\u00e9. Gr\u00e2ce \u00e0 la construction de puits, de citernes et de syst\u00e8mes de distribution, nous veillons \u00e0 ce que l&rsquo;eau propre et s\u00fbre soit une r\u00e9alit\u00e9 quotidienne et non un luxe. Avec chaque goutte d&rsquo;eau fournie, nous renfor\u00e7ons la dignit\u00e9, le bien-\u00eatre et l&rsquo;autonomie des personnes, en posant des bases solides pour un avenir sain et durable.\r\n\r\n<\/div>\r\n<\/div>\r\n<div class=\"col-md-4 mt-4 mt-md-0 emergency-block\">\r\n<div class=\"p-4\"><img decoding=\"async\" class=\"img-fluid rounded\" src=\"https:\/\/bnd.ngo\/wp-content\/uploads\/2024\/04\/Cibo-scaled.jpg\"\/>\r\n<h2 style=\"color: #dba838;\">Autonomie Alimentaire<\/h2>\r\nNous promouvons l&rsquo;autonomie alimentaire en soutenant l&rsquo;agriculture locale et l&rsquo;\u00e9levage, pour nourrir le pr\u00e9sent et cultiver l&rsquo;avenir. Nous int\u00e9grons les principes de l&rsquo;agro-\u00e9cologie pour maximiser la durabilit\u00e9 et la r\u00e9silience des pratiques agricoles. Cette approche \u00e9cologique respecte le cycle naturel des sols, renforce la biodiversit\u00e9 et r\u00e9duit la d\u00e9pendance aux intrants chimiques, contribuant \u00e0 la cr\u00e9ation de syst\u00e8mes alimentaires robustes et autosuffisants. Nous promouvons \u00e9galement la production agricole biologique, en veillant \u00e0 ce que les produits nourrissent non seulement, mais enrichissent \u00e9galement la sant\u00e9 des communaut\u00e9s et de l&rsquo;environnement.\r\n\r\n<\/div>\r\n<\/div>\r\n<div class=\"col-md-4 mt-4 mt-md-0 emergency-block\">\r\n<div class=\"p-4\"><img decoding=\"async\" class=\"img-fluid rounded\" src=\"https:\/\/bnd.ngo\/wp-content\/uploads\/2024\/04\/Sanita-scaled.jpg\"\/>\r\n<h2 style=\"color: #4da247;\">Sant\u00e9<\/h2>\r\nNous prenons soin des fondements de la vie en construisant des infrastructures sanitaires et en fournissant des \u00e9quipements essentiels pour assurer des soins m\u00e9dicaux l\u00e0 o\u00f9 ils sont le plus n\u00e9cessaires. Nous organisons des missions de m\u00e9decins b\u00e9n\u00e9voles, qui apportent des comp\u00e9tences sp\u00e9cialis\u00e9es et des traitements directement aux communaut\u00e9s les plus n\u00e9cessiteuses. Chaque projet de sant\u00e9 est accompagn\u00e9 de programmes de formation pour le personnel local, garantissant que les connaissances n\u00e9cessaires pour g\u00e9rer les urgences et les soins quotidiens restent dans la communaut\u00e9. Nos actions sont guid\u00e9es par la conviction que l&rsquo;acc\u00e8s \u00e0 la sant\u00e9 est un droit fondamental, et non un privil\u00e8ge, et nous travaillons sans rel\u00e2che pour faire des soins m\u00e9dicaux une r\u00e9alit\u00e9 accessible \u00e0 tous.\r\n\r\n<\/div>\r\n<\/div>\r\n<div class=\"col-md-4 mt-4 mt-md-0 emergency-block\">\r\n<div class=\"p-4\"><img decoding=\"async\" class=\"img-fluid rounded\" src=\"https:\/\/bnd.ngo\/wp-content\/uploads\/2024\/04\/Istruzione.jpg\"\/>\r\n<h2 style=\"color: #c72130;\">Enfance et \u00c9ducation<\/h2>\r\nNous ouvrons les portes de l&rsquo;avenir en construisant des \u00e9coles et en accompagnant chaque enfant dans son parcours \u00e9ducatif. Nous fournissons des mat\u00e9riaux \u00e9ducatifs essentiels et mettons en \u0153uvre des programmes d&rsquo;\u00e9ducation innovants con\u00e7us pour r\u00e9pondre aux besoins sp\u00e9cifiques des communaut\u00e9s locales. Ces programmes sont d\u00e9velopp\u00e9s pour fournir une \u00e9ducation inclusive et dynamique, qui promeut le plein d\u00e9veloppement du potentiel de chaque \u00e9l\u00e8ve. De cette mani\u00e8re, l&rsquo;\u00e9ducation devient un levier de changement, capable de transformer des vies et des communaut\u00e9s.\r\n\r\n<\/div>\r\n<\/div>\r\n<div class=\"col-md-4 mt-4 mt-md-0 emergency-block\">\r\n<div class=\"p-4\"><img decoding=\"async\" class=\"img-fluid rounded\" style=\"height: 250px;\" src=\"https:\/\/bnd.ngo\/wp-content\/uploads\/2024\/04\/Formazione.png\"\/>\r\n<h2 style=\"color: #a51e45;\">Formation Professionnelle et D\u00e9veloppement \u00c9conomique<\/h2>\r\nNous investissons dans l&rsquo;innovation et la formation pour allumer des \u00e9tincelles d&rsquo;entreprise et d&rsquo;autonomie, transformant les talents locaux en opportunit\u00e9s durables. Nous d\u00e9veloppons des programmes de formation professionnelle qui enseignent non seulement des comp\u00e9tences pratiques, mais aussi des comp\u00e9tences entrepreneuriales essentielles pour d\u00e9marrer et g\u00e9rer avec succ\u00e8s une activit\u00e9. Nous offrons un soutien par le biais de microcr\u00e9dits et d&rsquo;assistance \u00e0 la cr\u00e9ation d&rsquo;entreprise, facilitant l&rsquo;acc\u00e8s aux march\u00e9s locaux. Nous collaborons \u00e9troitement avec les communaut\u00e9s pour garantir que chaque initiative soit durable et enracin\u00e9e dans les r\u00e9alit\u00e9s et les besoins locaux, d\u00e9clenchant un changement positif et durable.\r\n\r\n<\/div>\r\n<\/div>\r\n<div class=\"col-md-4 mt-4 mt-md-0 emergency-block\">\r\n<div class=\"p-4\"><img decoding=\"async\" class=\"img-fluid rounded\" src=\"https:\/\/bnd.ngo\/wp-content\/uploads\/2024\/04\/Migrazioni.jpg\"\/>\r\n<h2 style=\"color: #e11784;\">Migrations<\/h2>\r\nDans les lieux de d\u00e9part et de transit, nous informons les migrants sur les risques du voyage et sur la l\u00e9gislation europ\u00e9enne, pour une pleine conscience et un choix \u00e9clair\u00e9 sur leur avenir. Nous estimons que la migration est un droit fondamental pour tous, mais nous soutenons que cela doit se faire en pleine conscience des d\u00e9fis et des r\u00e9alit\u00e9s qui les attendent tout au long de leur parcours. Nous visons \u00e0 \u00e9quiper chaque personne des informations n\u00e9cessaires pour prendre des d\u00e9cisions \u00e9clair\u00e9es, s\u00fbres et respectueuses des lois internationales et des droits de l&rsquo;homme. Cette approche prot\u00e8ge non seulement les migrants des dangers et de l&rsquo;exploitation, mais renforce \u00e9galement leur droit de choisir librement leur avenir dans un contexte de respect et de dignit\u00e9.\r\n\r\n<\/div>\r\n<\/div>\r\n<div class=\"col-md-4 mt-4 mt-md-0 emergency-block\">\r\n<div class=\"p-4\"><img decoding=\"async\" class=\"img-fluid rounded\" src=\"https:\/\/bnd.ngo\/wp-content\/uploads\/2024\/04\/Sensibilizzazione.jpg\"\/>\r\n<h2 style=\"color: #ed412f;\">Sensibilisation<\/h2>\r\nNous abordons ouvertement certaines des questions les plus actuelles, telles que les mutilations g\u00e9nitales f\u00e9minines, la d\u00e9gradation de l&rsquo;environnement, les risques associ\u00e9s \u00e0 la migration et les pratiques d&rsquo;hygi\u00e8ne essentielles. Nous utilisons des m\u00e9thodes percutantes et innovantes, comme le programme Cin\u00e9ma du Desert, pour informer et sensibiliser les communaut\u00e9s sur des sujets critiques. L&rsquo;objectif est de mobiliser un changement social profond et durable en impliquant activement les personnes dans la discussion et la recherche de solutions.\r\nGr\u00e2ce \u00e0 ces initiatives, nous \u00e9levons non seulement la conscience sur des questions urgentes, mais nous stimulons \u00e9galement l&rsquo;engagement communautaire qui promeut le respect des droits de l&rsquo;homme et la protection de l&rsquo;environnement, encourageant une participation active \u00e0 la construction d&rsquo;un avenir meilleur et plus juste pour tous.\r\n\r\n<\/div>\r\n<\/div>\r\n<div class=\"col-md-4 mt-4 mt-md-0 emergency-block\">\r\n<div class=\"p-4\"><img decoding=\"async\" class=\"img-fluid rounded\" src=\"https:\/\/bnd.ngo\/wp-content\/uploads\/2024\/04\/Sad.jpg\"\/>\r\n<h2 style=\"color: #c72130;\">Soutien \u00e0 Distance<\/h2>\r\nNous offrons un soutien continu et cibl\u00e9 aux enfants en situation de d\u00e9savantage. Gr\u00e2ce au SaD, nous garantissons l&rsquo;acc\u00e8s \u00e0 l&rsquo;\u00e9ducation, aux soins de sant\u00e9 et aux opportunit\u00e9s de d\u00e9veloppement personnel et communautaire pour les enfants qui autrement seraient exclus. Nous cr\u00e9ons un pont \u00e9motionnel entre les soutiens et les b\u00e9n\u00e9ficiaires, \u00e9tablissant une connexion humaine profonde qui transcende les distances g\u00e9ographiques et culturelles, renfor\u00e7ant le sentiment d&rsquo;appartenance \u00e0 une communaut\u00e9 mondiale. En promouvant une \u00e9ducation inclusive et accessible, nous veillons \u00e0 ce que chaque enfant ait la possibilit\u00e9 d&rsquo;atteindre son plein potentiel.\r\n<\/div>\r\n<\/div>\r\n\r\n<div class=\"col-md-4 mt-4 mt-md-0 emergency-block\">\r\n<div class=\"p-4\"><img decoding=\"async\" class=\"img-fluid rounded\" src=\"https:\/\/bnd.ngo\/wp-content\/uploads\/2024\/05\/noma2.jpg\"\/>\r\n<h2 style=\"color: #c72130;\">Exp\u00e9ditions<\/h2>\r\nLe c\u0153ur battant de Bambini nel Deserto est repr\u00e9sent\u00e9 par les exp\u00e9ditions de livraison de ressources essentielles. Depuis notre fondation, nous avons adopt\u00e9 un mod\u00e8le d&rsquo;intervention directe, ax\u00e9 sur la collecte et la distribution de biens de premi\u00e8re n\u00e9cessit\u00e9.<br\/>Au cours des deux premi\u00e8res ann\u00e9es, nous nous sommes concentr\u00e9s sur la livraison de v\u00eatements et de chaussures aux enfants nomades de l&rsquo;Hammada du Draa, une \u00e9tendue aride du Sahara \u00e0 la fronti\u00e8re entre le Maroc et l&rsquo;Alg\u00e9rie.<br\/>\r\nAu fil du temps, les exp\u00e9ditions de BnD se sont multipli\u00e9es et diversifi\u00e9es, gr\u00e2ce au soutien des voyageurs qui ont offert de l&rsquo;espace dans leurs v\u00e9hicules tout-terrain pour transporter les fournitures.<br\/>Ces exp\u00e9ditions sont devenues des op\u00e9rations complexes et bien organis\u00e9es, apportant non seulement des v\u00eatements, des mat\u00e9riels \u00e9ducatifs et sanitaires, mais aussi des sourires, des espoirs et un fort sentiment de communaut\u00e9.\r\nEn plus de la livraison d&rsquo;aide, chaque exp\u00e9dition est devenue une occasion d&rsquo;unir diff\u00e9rentes cultures, de promouvoir la compr\u00e9hension mutuelle et de renforcer les liens humains \u00e0 travers des actes concrets de solidarit\u00e9. Cet esprit de partage continue d&rsquo;inspirer et de guider notre engagement envers les enfants et leurs communaut\u00e9s.\r\n<\/div>\r\n<\/div>\r\n\r\n<\/div>\r\n<\/div>\n","protected":false},"excerpt":{"rendered":"<p>L&rsquo;engagement de notre organisation se concentre sur la mise en \u0153uvre de projets de Coop\u00e9ration Internationale visant \u00e0 am\u00e9liorer la qualit\u00e9 de vie des enfants et de leurs communaut\u00e9s d&rsquo;origine, et sur des interventions d&rsquo;Urgence Humanitaire. Eau et Hygi\u00e8ne Nous apportons de l&rsquo;eau, source de vie essentielle, aux communaut\u00e9s qui en manquent, en garantissant l&rsquo;acc\u00e8s [&hellip;]<\/p>\n","protected":false},"author":1,"featured_media":2911,"parent":0,"menu_order":0,"comment_status":"closed","ping_status":"closed","template":"","meta":{"footnotes":""},"class_list":["post-4684","page","type-page","status-publish","has-post-thumbnail","hentry"],"_links":{"self":[{"href":"https:\/\/bnd.ngo\/fr\/wp-json\/wp\/v2\/pages\/4684","targetHints":{"allow":["GET"]}}],"collection":[{"href":"https:\/\/bnd.ngo\/fr\/wp-json\/wp\/v2\/pages"}],"about":[{"href":"https:\/\/bnd.ngo\/fr\/wp-json\/wp\/v2\/types\/page"}],"author":[{"embeddable":true,"href":"https:\/\/bnd.ngo\/fr\/wp-json\/wp\/v2\/users\/1"}],"replies":[{"embeddable":true,"href":"https:\/\/bnd.ngo\/fr\/wp-json\/wp\/v2\/comments?post=4684"}],"version-history":[{"count":0,"href":"https:\/\/bnd.ngo\/fr\/wp-json\/wp\/v2\/pages\/4684\/revisions"}],"wp:featuredmedia":[{"embeddable":true,"href":"https:\/\/bnd.ngo\/fr\/wp-json\/wp\/v2\/media\/2911"}],"wp:attachment":[{"href":"https:\/\/bnd.ngo\/fr\/wp-json\/wp\/v2\/media?parent=4684"}],"curies":[{"name":"wp","href":"https:\/\/api.w.org\/{rel}","templated":true}]}}