{"id":4671,"date":"2024-04-09T18:32:13","date_gmt":"2024-04-09T16:32:13","guid":{"rendered":"https:\/\/bnd.ngo\/urgences-humanitaires\/"},"modified":"2024-07-14T19:01:14","modified_gmt":"2024-07-14T17:01:14","slug":"urgences-humanitaires","status":"publish","type":"page","link":"https:\/\/bnd.ngo\/fr\/urgences-humanitaires\/","title":{"rendered":"Urgences Humanitaires"},"content":{"rendered":"<div class=\"container-fluid\">\n<div class=\"row pt-5 px-5 emergency-blocks\">\n<div class=\"col-md-12\">\n<p class=\"px-4 py-4 intro\">Parall\u00e8lement \u00e0 nos activit\u00e9s de <a class=\"link-fancy\" title=\"Informez-vous sur nos activit\u00e9s de Coop\u00e9ration internationale\" href=\"https:\/\/bnd.ngo\/fr\/cooperation-internationale\">Coop\u00e9ration Internationale<\/a>, nos interventions dans le domaine des <strong>Urgences Humanitaires<\/strong> d\u00e9montrent notre engagement \u00e0 r\u00e9pondre rapidement et efficacement dans diverses situations complexes, en collaborant \u00e9troitement avec les communaut\u00e9s et les autorit\u00e9s locales pour construire des solutions durables.<\/p>\n<\/div>\n<\/div>\n<\/div>\n<div class=\"row py-5 px-5 emergency-blocks\">\n<div class=\"col-md-4 mt-4 mt-md-0 emergency-block\">\n<div class=\"p-4 giallo\">\n<h2>Qu&rsquo;est-ce qu&rsquo;une Urgence Humanitaire<\/h2>\n<p>Une Urgence Humanitaire repr\u00e9sente une situation critique o\u00f9 des communaut\u00e9s vuln\u00e9rables font face \u00e0 de graves catastrophes naturelles ou \u00e0 des conflits.<br \/>\nDans ces cas, le temps est essentiel et notre mission est de r\u00e9pondre le plus rapidement possible pour soulager les souffrances humaines, fournir un soutien vital et pr\u00e9server la dignit\u00e9 humaine.<\/p>\n<\/div>\n<\/div>\n<div class=\"col-md-4 mt-4 mt-md-0 emergency-block\">\n<div class=\"p-4 verde\">\n<h2>Notre approche envers les b\u00e9n\u00e9ficiaires<\/h2>\n<p>En r\u00e9ponse aux catastrophes naturelles ou aux conflits, nous nous positionnons comme des partenaires solidaires des b\u00e9n\u00e9ficiaires.<br \/>\nNous travaillons en \u00e9troite collaboration avec les communaut\u00e9s locales pour comprendre leurs besoins sp\u00e9cifiques et r\u00e9pondre de mani\u00e8re efficace et respectueuse, en pla\u00e7ant toujours au centre les personnes touch\u00e9es par la crise.<\/p>\n<\/div>\n<\/div>\n<div class=\"col-md-4 mt-4 mt-md-0 emergency-block\">\n<div class=\"p-4 marrone\">\n<h2>Nos relations avec les pays o\u00f9 nous intervenons<\/h2>\n<p>Nos interventions sont men\u00e9es en r\u00e9ponse \u00e0 des invitations directes des b\u00e9n\u00e9ficiaires \u00e0 travers notre r\u00e9seau de contacts ou via des invitations institutionnelles des autorit\u00e9s locales et\/ou des agences des Nations Unies.<br \/>\nCela nous permet d&rsquo;op\u00e9rer en toute l\u00e9galit\u00e9 et collaboration, garantissant que notre aide soit bien coordonn\u00e9e et conforme aux r\u00e9glementations internationales ainsi qu&rsquo;aux besoins locaux.<\/p>\n<\/div>\n<\/div>\n<\/div>\n<div class=\"row emergency-blocks\">\n<div class=\"col-md-12\">\n<ul class=\"my-5 linetime\">\n<li>\n<div class=\"linetime-img rounded-circle\">\n<img decoding=\"async\" class=\"country-flag img-fluid d-block my-auto\" src=\"https:\/\/bnd.ngo\/wp-content\/themes\/bnd2024\/assets\/img\/flags\/h80\/ne.png\">\n<\/div>\n<div class=\"linetime-panel\">\n<div class=\"linetime-panel-heading\">\n<h4>2005<\/h4>\n<\/div>\n<div class=\"linetime-panel-subheading\">\n<h3>Agadez, Niger<\/h3>\n<\/div>\n<div class=\"linetime-panel-content\">\n<p class=\"text-muted\" style=\"text-align: left;\"><img decoding=\"async\" class=\"img-fluid mb-2 rounded\" src=\"https:\/\/bnd.ngo\/wp-content\/uploads\/2024\/04\/Agadez-scaled.jpg\" alt=\"\" \/>Notre premi\u00e8re intervention dans le domaine de l&rsquo;urgence a \u00e9t\u00e9 en faveur de la population du nord-est du Niger, victime d&rsquo;une grave s\u00e9cheresse qui avait d\u00e9vast\u00e9 les r\u00e9serves alimentaires et d\u00e9cim\u00e9 les animaux de p\u00e2turage, aggravant les conditions nutritionnelles d\u00e9j\u00e0 end\u00e9miques dans cette r\u00e9gion du Sahel.<br \/>\nNotre action s&rsquo;est concentr\u00e9e sur l&rsquo;aide alimentaire directe et la fourniture de b\u00e9tail aux communaut\u00e9s Touareg dans la r\u00e9gion de l&rsquo;A\u00efr.<\/p>\n<\/div>\n<\/div>\n<\/li>\n<li>\n<div class=\"linetime-img rounded-circle\">\n<img decoding=\"async\" class=\"country-flag img-fluid d-block my-auto\" src=\"https:\/\/bnd.ngo\/wp-content\/themes\/bnd2024\/assets\/img\/flags\/h80\/td.png\">\n<\/div>\n<div class=\"linetime-panel inverted\">\n<div class=\"linetime-panel-heading\">\n<h4>2009-2012<\/h4>\n<\/div>\n<div class=\"linetime-panel-subheading\">\n<h3>Bol, Tchad<\/h3>\n<\/div>\n<div class=\"linetime-panel-content\">\n<p class=\"text-muted\"><img decoding=\"async\" class=\"img-fluid mb-2 rounded\" src=\"https:\/\/bnd.ngo\/wp-content\/uploads\/2024\/04\/Bol-scaled.jpg\" alt=\"\" \/>Pendant quatre ans, nous sommes intervenus, sous mandat du PAM Programme Alimentaire Mondial et de l&rsquo;UNICEF, en r\u00e9ponse \u00e0 la malnutrition infantile croissante caus\u00e9e par l&rsquo;appauvrissement des ressources locales. Nous avons travaill\u00e9 pour am\u00e9liorer l&rsquo;acc\u00e8s \u00e0 une alimentation nutritive et s\u00fbre en g\u00e9rant plus de 20 Centres Nutritionnels de Base, 2 Centres Nutritionnels Th\u00e9rapeutiques et les entrep\u00f4ts de stockage des aliments d&rsquo;urgence du Programme Alimentaire Mondial.<br \/>\nOCHA, l&rsquo;Organisation des Nations Unies pour la Coordination des Affaires Humanitaires, a soulign\u00e9 dans le CAP 2011 que notre organisation a atteint l&rsquo;objectif de 0 d\u00e9c\u00e8s sur plus de 22 000 cas de malnutrition mod\u00e9r\u00e9e g\u00e9r\u00e9s dans la R\u00e9gion du Lac Tchad.<\/p>\n<\/div>\n<\/div>\n<\/li>\n<li>\n<div class=\"linetime-img rounded-circle\">\n<img decoding=\"async\" class=\"country-flag img-fluid d-block my-auto\" src=\"https:\/\/bnd.ngo\/wp-content\/themes\/bnd2024\/assets\/img\/flags\/h80\/td.png\"><\/div>\n<div class=\"linetime-panel\">\n<div class=\"linetime-panel-heading\">\n<h4>2011<\/h4>\n<\/div>\n<div class=\"linetime-panel-subheading\">\n<h3>N&rsquo;djamena, Tchad<\/h3>\n<\/div>\n<div class=\"linetime-panel-content\">\n<p class=\"text-muted\"><img decoding=\"async\" class=\"img-fluid mb-2 rounded\" src=\"https:\/\/bnd.ngo\/wp-content\/uploads\/2024\/04\/Ndjamena.jpeg\" alt=\"\" \/>Apr\u00e8s le d\u00e9bordement du fleuve Chari, d\u00fb \u00e0 l&rsquo;effondrement d&rsquo;un barrage en amont de la capitale tchadienne, nous avons fourni un soutien imm\u00e9diat aux mineurs dans le camp de d\u00e9plac\u00e9s organis\u00e9 par l&rsquo;UNICEF dans les jours suivant l&rsquo;urgence.<br \/>\nDes \u00e9coles provisoires ont \u00e9t\u00e9 install\u00e9es pour assurer la continuit\u00e9 \u00e9ducative pour plus de 300 enfants.<\/p>\n<\/div>\n<\/div>\n<\/li>\n<li>\n<div class=\"linetime-img rounded-circle\">\n<img decoding=\"async\" class=\"country-flag img-fluid d-block my-auto\" src=\"https:\/\/bnd.ngo\/wp-content\/themes\/bnd2024\/assets\/img\/flags\/h80\/td.png\">\n<\/div>\n<div class=\"linetime-panel inverted\">\n<div class=\"linetime-panel-heading\">\n<h4>2012<\/h4>\n<\/div>\n<div class=\"linetime-panel-subheading\">\n<h3>N&rsquo;gouboua, Tchad<\/h3>\n<\/div>\n<div class=\"linetime-panel-content\">\n<p class=\"text-muted\"><img decoding=\"async\" class=\"img-fluid mb-2 rounded\" src=\"https:\/\/bnd.ngo\/wp-content\/uploads\/2024\/04\/Ngouboua-scaled.jpg\" alt=\"\" \/>En r\u00e9ponse \u00e0 l&rsquo;afflux de mineurs tchadiens fuyant Boko Haram dans le Nigeria voisin, nous avons g\u00e9r\u00e9 un camp de r\u00e9fugi\u00e9s provisoire pour plus de 500 mineurs \u00e0 la fronti\u00e8re o\u00f9 un service de soutien psychosocial a \u00e9t\u00e9 mis en place dans le but de surmonter le traumatisme subi par les mineurs qui avaient assist\u00e9 aux violences perp\u00e9tr\u00e9es par les terroristes avant de fuir vers le Tchad.<br \/>\nSous mandat du HCR, nous avons coordonn\u00e9 la r\u00e9unification familiale dans les villages de la R\u00e9gion du Lac Tchad.<\/p>\n<\/div>\n<\/div>\n<\/li>\n<li>\n<div class=\"linetime-img rounded-circle\">\n<img decoding=\"async\" class=\"country-flag img-fluid d-block my-auto\" src=\"https:\/\/bnd.ngo\/wp-content\/themes\/bnd2024\/assets\/img\/flags\/h80\/bf.png\"><\/div>\n<div class=\"linetime-panel\">\n<div class=\"linetime-panel-heading\">\n<h4>2016<\/h4>\n<\/div>\n<div class=\"linetime-panel-subheading\">\n<h3>Dijbo, Burkina Faso<\/h3>\n<\/div>\n<div class=\"linetime-panel-content\">\n<p class=\"text-muted\"><img decoding=\"async\" class=\"img-fluid mb-2 rounded\" src=\"https:\/\/bnd.ngo\/wp-content\/uploads\/2024\/04\/Djibo.jpg\" alt=\"\" \/>Le flux de r\u00e9fugi\u00e9s venant du Mali, en raison de la guerre civile et du chaos qui ont suivi la chute de Kadhafi en Libye, a vu de nombreuses communaut\u00e9s tribales de Tombouctou et Goundam chercher refuge au-del\u00e0 de la fronti\u00e8re.<br \/>\n\u00c0 Djibo, nous sommes intervenus dans une double urgence, financ\u00e9e par l&rsquo;AICS Agence Italienne de Coop\u00e9ration au D\u00e9veloppement et la Coop\u00e9ration Internationale de la Principaut\u00e9 de Monaco, pour soutenir \u00e0 la fois les r\u00e9fugi\u00e9s touaregs et les communaut\u00e9s burkinab\u00e8 dans les domaines de la sant\u00e9 communautaire, du soutien \u00e0 la production agricole et de l&rsquo;\u00e9levage de petit b\u00e9tail.<\/p>\n<\/div>\n<\/div>\n<\/li>\n<li>\n<div class=\"linetime-img rounded-circle\">\n<img decoding=\"async\" class=\"country-flag img-fluid d-block my-auto\" src=\"https:\/\/bnd.ngo\/wp-content\/themes\/bnd2024\/assets\/img\/flags\/h80\/ml.png\">\n<\/div>\n<div class=\"linetime-panel inverted\">\n<div class=\"linetime-panel-heading\">\n<h4>2019<\/h4>\n<\/div>\n<div class=\"linetime-panel-subheading\">\n<h3>Douentza, Mali<\/h3>\n<\/div>\n<div class=\"linetime-panel-content\">\n<p class=\"text-muted\"><img decoding=\"async\" class=\"img-fluid mb-2 rounded\" src=\"https:\/\/bnd.ngo\/wp-content\/uploads\/2024\/04\/Douentza.jpg\" alt=\"\" \/><br \/>\nApr\u00e8s une inondation d\u00e9vastatrice qui a d\u00e9truit des quartiers entiers dans la ville de Douentza, notre intervention a consist\u00e9 principalement en la distribution de nourriture et de kits d&rsquo;urgence, comprenant des nattes, des b\u00e2ches, des moustiquaires, des ustensiles de cuisine et d&rsquo;autres mat\u00e9riels essentiels pour soutenir les familles et soulager les souffrances caus\u00e9es par une catastrophe environnementale inattendue.<br \/>\nL&rsquo;intervention a \u00e9t\u00e9 financ\u00e9e par le Huit pour Mille de la Table Vaudoise.<\/p>\n<\/div>\n<\/div>\n<\/li>\n<li>\n<div class=\"linetime-img rounded-circle\">\n<img decoding=\"async\" class=\"country-flag img-fluid d-block my-auto\" src=\"https:\/\/bnd.ngo\/wp-content\/themes\/bnd2024\/assets\/img\/flags\/h80\/ml.png\">\n<\/div>\n<div class=\"linetime-panel\">\n<div class=\"linetime-panel-heading\">\n<h4>2018<\/h4>\n<\/div>\n<div class=\"linetime-panel-subheading\">\n<h3>Falady\u00e8, Mali<\/h3>\n<\/div>\n<div class=\"linetime-panel-content\">\n<p class=\"text-muted\"><img decoding=\"async\" class=\"img-fluid mb-2 rounded\" src=\"https:\/\/bnd.ngo\/wp-content\/uploads\/2024\/04\/Faladye.jpeg\" alt=\"\" \/>Le camp de r\u00e9fugi\u00e9s informel apparu \u00e0 Bamako dans la d\u00e9charge municipale de Faladi\u00e8 accueillait des centaines de familles, principalement d&rsquo;ethnie Peulh, fuyant les violences qui ont \u00e9clat\u00e9 dans le nord-est du pays. Notre soutien s&rsquo;est concentr\u00e9 sur la r\u00e9alisation d&rsquo;une petite structure pour les soins de sant\u00e9 de base et le soutien psychologique, ainsi que sur l&rsquo;organisation d&rsquo;un espace ludique et \u00e9ducatif pour les enfants h\u00e9berg\u00e9s dans le camp.<br \/>\nL&rsquo;intervention a \u00e9t\u00e9 financ\u00e9e par le Huit pour Mille de la Table Vaudoise.<\/p>\n<\/div>\n<\/div>\n<\/li>\n<li>\n<div class=\"linetime-img rounded-circle\">\n<img decoding=\"async\" class=\"country-flag img-fluid d-block my-auto\" src=\"https:\/\/bnd.ngo\/wp-content\/themes\/bnd2024\/assets\/img\/flags\/h80\/ua.png\">\n<\/div>\n<div class=\"linetime-panel inverted\">\n<div class=\"linetime-panel-heading\">\n<h4>2022<\/h4>\n<\/div>\n<div class=\"linetime-panel-subheading\">\n<h3>Chernovohrad, Ukraine<\/h3>\n<\/div>\n<div class=\"linetime-panel-content\">\n<p class=\"text-muted\"><img decoding=\"async\" class=\"img-fluid mb-2 rounded\" src=\"https:\/\/bnd.ngo\/wp-content\/uploads\/2024\/04\/Chernovohrad.jpg\" alt=\"\" \/>\u00c0 la demande des autorit\u00e9s civiles ukrainiennes, nous avons organis\u00e9, au cours de plusieurs exp\u00e9ditions, la livraison d&rsquo;ambulances, de fourgons et d&rsquo;autres v\u00e9hicules d&rsquo;urgence 4&#215;4, en plus de fournir du mat\u00e9riel m\u00e9dical, chirurgical et sanitaire, dont six installations pour la production d&rsquo;Hypochlorite de Sodium \u00c9lectrolytique (Amuchina). De cette exp\u00e9rience et gr\u00e2ce aux relations de collaboration et d&rsquo;amiti\u00e9, est n\u00e9e d\u00e9but 2024 l&rsquo;Organisation Humanitaire Enfants dans le D\u00e9sert Ukraine qui partage avec nous l&rsquo;objectif de soutenir la population civile.<br \/>\nLes exp\u00e9ditions ont \u00e9t\u00e9 financ\u00e9es par des donateurs priv\u00e9s et la Banque Intesa Sanpaolo.<\/p>\n<\/div>\n<\/div>\n<\/li>\n<li>\n<div class=\"linetime-img rounded-circle\">\n<img decoding=\"async\" class=\"country-flag img-fluid d-block my-auto\" src=\"https:\/\/bnd.ngo\/wp-content\/themes\/bnd2024\/assets\/img\/flags\/h80\/bf.png\">\n<\/div>\n<div class=\"linetime-panel\">\n<div class=\"linetime-panel-heading\">\n<h4>2023<\/h4>\n<\/div>\n<div class=\"linetime-panel-subheading\">\n<h3>Nagreongo, Burkina Faso<\/h3>\n<\/div>\n<div class=\"linetime-panel-content\">\n<p class=\"text-muted\"><img decoding=\"async\" class=\"img-fluid mb-2 rounded\" src=\"https:\/\/bnd.ngo\/wp-content\/uploads\/2024\/04\/Nagreongo.jpg\" alt=\"\" \/>Une fois de plus, nous nous sommes retrouv\u00e9s \u00e0 travailler pour soulager les souffrances des r\u00e9fugi\u00e9s fuyant les \u00e9ni\u00e8mes affrontements arm\u00e9s qui ont d\u00e9vast\u00e9 le nord du pays. Des vivres, des tentes, des nattes, des bidons et des ustensiles de base pour la cuisine et l&rsquo;hygi\u00e8ne personnelle ont \u00e9t\u00e9 destin\u00e9s \u00e0 ceux qui n&rsquo;ont plus rien apr\u00e8s avoir quitt\u00e9 pr\u00e9cipitamment leur terre et ont fui en n&#8217;emportant que le peu qu&rsquo;ils avaient.<br \/>\nL&rsquo;intervention a \u00e9t\u00e9 financ\u00e9e par le Huit pour Mille de la Table Vaudoise.<\/p>\n<\/div>\n<\/div>\n<\/li>\n<li>\n<div class=\"linetime-img rounded-circle\">\n<img decoding=\"async\" class=\"country-flag img-fluid d-block my-auto\" src=\"https:\/\/bnd.ngo\/wp-content\/themes\/bnd2024\/assets\/img\/flags\/h80\/ma.png\">\n<\/div>\n<div class=\"linetime-panel inverted\">\n<div class=\"linetime-panel-heading\">\n<h4>2024<\/h4>\n<\/div>\n<div class=\"linetime-panel-subheading\">\n<h3>Atlas, Maroc<\/h3>\n<\/div>\n<div class=\"linetime-panel-content\">\n<p class=\"text-muted\"><img decoding=\"async\" class=\"img-fluid mb-2 rounded\" src=\"https:\/\/bnd.ngo\/wp-content\/uploads\/2024\/04\/Atlas.jpg\" alt=\"\" \/>En septembre 2023, un tremblement de terre d\u00e9vastateur a frapp\u00e9 les vall\u00e9es des montagnes de l&rsquo;Atlas au sud-est de Marrakech, causant des milliers de morts et la destruction de villages entiers. Ici, nous sommes intervenus, et nous consid\u00e9rons qu&rsquo;il est n\u00e9cessaire de continuer \u00e0 intervenir en apportant des vivres dans trois zones distinctes. Dans le camp de d\u00e9plac\u00e9s de Tizgui, nous avons install\u00e9 un syst\u00e8me de pompage d&rsquo;eau depuis la vall\u00e9e en contrebas, garantissant \u00e0 plus de 180 personnes l&rsquo;acc\u00e8s \u00e0 l&rsquo;eau potable dans un camp de r\u00e9fugi\u00e9s \u00e0 1 500 m\u00e8tres d&rsquo;altitude.<br \/>\nCette premi\u00e8re action a \u00e9t\u00e9 rendue possible gr\u00e2ce aux financements de particuliers, d&rsquo;entreprises et d&rsquo;entit\u00e9s priv\u00e9es.<\/p>\n<\/div>\n<\/div>\n<\/li>\n<li>\n<div class=\"linetime-img rounded-circle text-center\" style=\"background: #000\">\n<h4>&#8230;<\/h4>\n<\/div>\n<\/li>\n<\/ul>\n<p><!--\n \t\n\n<li>\n\n\n<div class=\"linetime-img rounded-circle\"><\/div>\n\n\n\n\n<div class=\"linetime-panel\">\n\n\n<div class=\"linetime-panel-heading\">\n\n\n<h4><\/h4>\n\n\n<\/div>\n\n\n\n\n<div class=\"linetime-panel-subheading\">\n\n\n<h3><\/h3>\n\n\n<\/div>\n\n\n\n\n<div class=\"linetime-panel-content\">\n\n\n<p class=\"text-muted\"><img decoding=\"async\" src=\"\" alt=\"\" class=\"img-fluid mb-2 rounded\"><\/p>\n\n\n\n<\/div>\n\n\n<\/div>\n\n<\/li>\n\n\n \t\n\n<li>\n\n\n<div class=\"linetime-img rounded-circle\"><\/div>\n\n\n\n\n<div class=\"linetime-panel inverted\">\n\n\n<div class=\"linetime-panel-heading\">\n\n\n<h4><\/h4>\n\n\n<\/div>\n\n\n\n\n<div class=\"linetime-panel-subheading\">\n\n\n<h3><\/h3>\n\n\n<\/div>\n\n\n\n\n<div class=\"linetime-panel-content\">\n\n\n<p class=\"text-muted\"><img decoding=\"async\" src=\"\" alt=\"\" class=\"img-fluid mb-2 rounded\"><\/p>\n\n\n\n<\/div>\n\n\n<\/div>\n\n<\/li>\n\n\n--><\/p>\n<\/div>\n<\/div>\n","protected":false},"excerpt":{"rendered":"<p>Parall\u00e8lement \u00e0 nos activit\u00e9s de Coop\u00e9ration Internationale, nos interventions dans le domaine des Urgences Humanitaires d\u00e9montrent notre engagement \u00e0 r\u00e9pondre rapidement et efficacement dans diverses situations complexes, en collaborant \u00e9troitement avec les communaut\u00e9s et les autorit\u00e9s locales pour construire des solutions durables. Qu&rsquo;est-ce qu&rsquo;une Urgence Humanitaire Une Urgence Humanitaire repr\u00e9sente une situation critique o\u00f9 des [&hellip;]<\/p>\n","protected":false},"author":1,"featured_media":2881,"parent":0,"menu_order":0,"comment_status":"closed","ping_status":"closed","template":"","meta":{"footnotes":""},"class_list":["post-4671","page","type-page","status-publish","has-post-thumbnail","hentry"],"_links":{"self":[{"href":"https:\/\/bnd.ngo\/fr\/wp-json\/wp\/v2\/pages\/4671","targetHints":{"allow":["GET"]}}],"collection":[{"href":"https:\/\/bnd.ngo\/fr\/wp-json\/wp\/v2\/pages"}],"about":[{"href":"https:\/\/bnd.ngo\/fr\/wp-json\/wp\/v2\/types\/page"}],"author":[{"embeddable":true,"href":"https:\/\/bnd.ngo\/fr\/wp-json\/wp\/v2\/users\/1"}],"replies":[{"embeddable":true,"href":"https:\/\/bnd.ngo\/fr\/wp-json\/wp\/v2\/comments?post=4671"}],"version-history":[{"count":0,"href":"https:\/\/bnd.ngo\/fr\/wp-json\/wp\/v2\/pages\/4671\/revisions"}],"wp:featuredmedia":[{"embeddable":true,"href":"https:\/\/bnd.ngo\/fr\/wp-json\/wp\/v2\/media\/2881"}],"wp:attachment":[{"href":"https:\/\/bnd.ngo\/fr\/wp-json\/wp\/v2\/media?parent=4671"}],"curies":[{"name":"wp","href":"https:\/\/api.w.org\/{rel}","templated":true}]}}