{"id":4653,"date":"2024-04-07T20:00:35","date_gmt":"2024-04-07T18:00:35","guid":{"rendered":"https:\/\/bnd.ngo\/qui-nous-sommes\/"},"modified":"2024-07-14T12:33:11","modified_gmt":"2024-07-14T10:33:11","slug":"qui-nous-sommes","status":"publish","type":"page","link":"https:\/\/bnd.ngo\/fr\/qui-nous-sommes\/","title":{"rendered":"Qui nous sommes"},"content":{"rendered":"\n<p>Bambini nel Deserto (BnD) est une Organisation Humanitaire reconnue comme ETS1 et inscrite au RUNTS2. Fond\u00e9e en Italie en juin 2000 par l&rsquo;actuel Pr\u00e9sident Luca Iotti, l&rsquo;organisation se consacre avec passion et professionnalisme \u00e0 l&rsquo;am\u00e9lioration des conditions de vie des enfants et de leurs communaut\u00e9s dans les contextes les plus difficiles; partout o\u00f9 il y a un d\u00e9sert; qu&rsquo;il soit de sable, de pierre ou d&rsquo;opportunit\u00e9s.<\/p>\n\n<p>Faisant partie d&rsquo;une robuste alliance d&rsquo;organisations humanitaires, Bambini nel Deserto coordonne ses activit\u00e9s avec des structures affili\u00e9es en <strong>Italie<\/strong>, au <strong>Niger<\/strong>, en <strong>Suisse<\/strong> et en <strong>Ukraine<\/strong>. Ces organisations ind\u00e9pendantes sont li\u00e9es, outre le nom, par une mission commune et un modus operandi partag\u00e9, ax\u00e9 sur des interventions efficaces dans tous les secteurs de la <strong>Coop\u00e9ration Internationale<\/strong> et des <strong>Urgences Humanitaires<\/strong>.<\/p>\n\n<p>Ensemble, ils s&rsquo;engagent \u00e0 fournir des solutions concr\u00e8tes, tangibles et \u00e0 long terme dans les crises humanitaires et le d\u00e9veloppement durable des communaut\u00e9s les plus vuln\u00e9rables. Les organisations qui font partie de l&rsquo;alliance op\u00e8rent selon des principes de <strong>neutralit\u00e9 politique<\/strong> et <strong>d&rsquo;ind\u00e9pendance religieuse<\/strong>; cela garantit que les initiatives sont guid\u00e9es uniquement par les besoins r\u00e9els et le respect des droits humains universels.&#13;\n&#13;\nLe soutien financier des activit\u00e9s provient de diverses sources, y compris les citoyens priv\u00e9s, les entit\u00e9s nationales et internationales, les grandes et petites entreprises, s\u00e9lectionn\u00e9es sur la base de leur responsabilit\u00e9 sociale d&rsquo;entreprise et qui s&rsquo;abstiennent de produire des armes et s&rsquo;engagent activement \u00e0 respecter les droits de leurs travailleurs.&#13;\n&#13;\nSoutenir Bambini nel Deserto signifie construire ensemble un avenir o\u00f9 chaque enfant peut grandir dans un environnement s\u00fbr, \u00e9ducatif et durable. Rejoignez-nous pour faire la diff\u00e9rence dans la vie des enfants dans les d\u00e9serts du monde, qu&rsquo;ils soient r\u00e9els ou m\u00e9taphoriques.<\/p>\n<ol class=\"wp-block-footnotes\"><li id=\"e130a684-f807-4f1e-b5f2-c7773d2e3dfe\">Ente del Terzo Settore (<a href=\"https:\/\/italianonprofit.it\/risorse\/definizioni\/enti-terzo-settore\/\">ETS<\/a>) <a href=\"#e130a684-f807-4f1e-b5f2-c7773d2e3dfe-link\" aria-label=\"Aller \u00e0 la note de bas de page 1\">\u21a9\ufe0e<\/a><\/li><li id=\"f56be990-3dcc-455f-8850-566bce388f1e\">Registro Unico Nazionale del Terzo Settore (<a href=\"https:\/\/servizi.lavoro.gov.it\/runts\/it-it\/\">RUNTS<\/a>) <a href=\"#f56be990-3dcc-455f-8850-566bce388f1e-link\" aria-label=\"Aller \u00e0 la note de bas de page 2\">\u21a9\ufe0e<\/a><\/li><\/ol>","protected":false},"excerpt":{"rendered":"<p>Bambini nel Deserto (BnD) est une Organisation Humanitaire reconnue comme ETS1 et inscrite au RUNTS2. Fond\u00e9e en Italie en juin 2000 par l&rsquo;actuel Pr\u00e9sident Luca Iotti, l&rsquo;organisation se consacre avec passion et professionnalisme \u00e0 l&rsquo;am\u00e9lioration des conditions de vie des enfants et de leurs communaut\u00e9s dans les contextes les plus difficiles; partout o\u00f9 il y [&hellip;]<\/p>\n","protected":false},"author":1,"featured_media":2908,"parent":0,"menu_order":0,"comment_status":"closed","ping_status":"open","template":"page_timeline.php","meta":{"footnotes":"[{\"content\":\"Ente del Terzo Settore (<a href=\\\"https:\\\/\\\/italianonprofit.it\\\/risorse\\\/definizioni\\\/enti-terzo-settore\\\/\\\">ETS<\\\/a>)\",\"id\":\"e130a684-f807-4f1e-b5f2-c7773d2e3dfe\"},{\"content\":\"Registro Unico Nazionale del Terzo Settore (<a href=\\\"https:\\\/\\\/servizi.lavoro.gov.it\\\/runts\\\/it-it\\\/\\\">RUNTS<\\\/a>)\",\"id\":\"f56be990-3dcc-455f-8850-566bce388f1e\"}]"},"class_list":["post-4653","page","type-page","status-publish","has-post-thumbnail","hentry"],"_links":{"self":[{"href":"https:\/\/bnd.ngo\/fr\/wp-json\/wp\/v2\/pages\/4653","targetHints":{"allow":["GET"]}}],"collection":[{"href":"https:\/\/bnd.ngo\/fr\/wp-json\/wp\/v2\/pages"}],"about":[{"href":"https:\/\/bnd.ngo\/fr\/wp-json\/wp\/v2\/types\/page"}],"author":[{"embeddable":true,"href":"https:\/\/bnd.ngo\/fr\/wp-json\/wp\/v2\/users\/1"}],"replies":[{"embeddable":true,"href":"https:\/\/bnd.ngo\/fr\/wp-json\/wp\/v2\/comments?post=4653"}],"version-history":[{"count":0,"href":"https:\/\/bnd.ngo\/fr\/wp-json\/wp\/v2\/pages\/4653\/revisions"}],"wp:featuredmedia":[{"embeddable":true,"href":"https:\/\/bnd.ngo\/fr\/wp-json\/wp\/v2\/media\/2908"}],"wp:attachment":[{"href":"https:\/\/bnd.ngo\/fr\/wp-json\/wp\/v2\/media?parent=4653"}],"curies":[{"name":"wp","href":"https:\/\/api.w.org\/{rel}","templated":true}]}}